{"id":9195,"date":"2024-08-28T23:05:48","date_gmt":"2024-08-28T21:05:48","guid":{"rendered":"https:\/\/focusmediabcn.cat\/es\/?page_id=9195"},"modified":"2025-04-22T23:33:23","modified_gmt":"2025-04-22T21:33:23","slug":"animacion-de-video-2d-y-3d","status":"publish","type":"page","link":"https:\/\/focusmediabcn.cat\/es\/animacion-de-video-2d-y-3d\/","title":{"rendered":"Animaci\u00f3n de v\u00eddeo 2D y 3D"},"content":{"rendered":"\n[et_pb_section fb_built=\u00bb1&#8243; custom_padding_last_edited=\u00bboff|phone\u00bb admin_label=\u00bbHeader\u00bb _builder_version=\u00bb4.27.0&#8243; _module_preset=\u00bbdefault\u00bb background_enable_color=\u00bboff\u00bb background_image=\u00bbhttps:\/\/focusmediabcn.cat\/es\/wp-content\/uploads\/sites\/3\/2024\/08\/produccion-audiovisual-video-animacion-evento-corporativo.jpg\u00bb custom_padding=\u00bb17%||7%||false|false\u00bb custom_padding_tablet=\u00bb17%||0px||false|false\u00bb custom_padding_phone=\u00bb17%||0px||false|false\u00bb locked=\u00bboff\u00bb global_colors_info=\u00bb{}\u00bb][et_pb_row _builder_version=\u00bb4.25.2&#8243; _module_preset=\u00bbdefault\u00bb global_colors_info=\u00bb{}\u00bb][et_pb_column type=\u00bb4_4&#8243; _builder_version=\u00bb4.25.2&#8243; _module_preset=\u00bbdefault\u00bb global_colors_info=\u00bb{}\u00bb][et_pb_heading title=\u00bbMotion graphics\u00bb _builder_version=\u00bb4.27.0&#8243; _module_preset=\u00bbdefault\u00bb title_level=\u00bbh2&#8243; title_font=\u00bbUxumGrotesque-Bold|800|||||||\u00bb title_text_color=\u00bb#FFFFFF\u00bb title_font_size=\u00bb117px\u00bb width_tablet=\u00bb\u00bb width_phone=\u00bb\u00bb width_last_edited=\u00bbon|desktop\u00bb max_width=\u00bb1080px\u00bb title_font_size_tablet=\u00bb77px\u00bb title_font_size_phone=\u00bb47px\u00bb title_font_size_last_edited=\u00bbon|phone\u00bb global_colors_info=\u00bb{}\u00bb][\/et_pb_heading][\/et_pb_column][\/et_pb_row][\/et_pb_section][et_pb_section fb_built=\u00bb1&#8243; admin_label=\u00bbHero\u00bb _builder_version=\u00bb4.27.0&#8243; _module_preset=\u00bbdefault\u00bb background_color=\u00bb#1c1c1c\u00bb custom_padding=\u00bb7%|0px|7%|0px|true|false\u00bb global_colors_info=\u00bb{}\u00bb][et_pb_row _builder_version=\u00bb4.25.2&#8243; _module_preset=\u00bbcb4d3896-0391-4c4a-9626-4e37d27a7e1f\u00bb custom_padding=\u00bb||0px|||\u00bb locked=\u00bboff\u00bb global_colors_info=\u00bb{}\u00bb][et_pb_column type=\u00bb4_4&#8243; _builder_version=\u00bb4.25.2&#8243; _module_preset=\u00bbdefault\u00bb global_colors_info=\u00bb{}\u00bb][et_pb_heading title=\u00bbFOCUS MEDIA STUDIO\u00bb _builder_version=\u00bb4.27.0&#8243; _module_preset=\u00bb3b72a62e-de78-4e12-bd63-c5681edd45dc\u00bb title_level=\u00bbh3&#8243; title_font=\u00bbUxumGrotesque-Medium|||on|||||\u00bb title_text_color=\u00bb#FFFFFF\u00bb title_font_size=\u00bb14px\u00bb title_font_size_tablet=\u00bb37px\u00bb title_font_size_phone=\u00bb27px\u00bb title_font_size_last_edited=\u00bboff|desktop\u00bb locked=\u00bboff\u00bb global_colors_info=\u00bb{}\u00bb][\/et_pb_heading][et_pb_text _builder_version=\u00bb4.27.0&#8243; _module_preset=\u00bbdefault\u00bb header_font=\u00bbUxumGrotesque-Bold||||||||\u00bb header_text_color=\u00bb#FFFFFF\u00bb header_font_size=\u00bb77px\u00bb header_2_font=\u00bb|700|||||||\u00bb header_2_text_align=\u00bbleft\u00bb header_2_text_color=\u00bb#1c1c1c\u00bb header_2_font_size=\u00bb77px\u00bb header_font_size_tablet=\u00bb57px\u00bb header_font_size_phone=\u00bb37px\u00bb header_font_size_last_edited=\u00bbon|phone\u00bb header_2_font_size_tablet=\u00bb57px\u00bb header_2_font_size_phone=\u00bb37px\u00bb header_2_font_size_last_edited=\u00bbon|tablet\u00bb locked=\u00bboff\u00bb global_colors_info=\u00bb{}\u00bb]<h1>Animaci\u00f3n de v\u00eddeo 2D y 3D<\/h1>[\/et_pb_text][\/et_pb_column][\/et_pb_row][et_pb_row column_structure=\u00bb1_2,1_2&#8243; _builder_version=\u00bb4.26.0&#8243; _module_preset=\u00bbdefault\u00bb width=\u00bb90%\u00bb max_width=\u00bb1500px\u00bb custom_padding=\u00bb|||\u00bb global_colors_info=\u00bb{}\u00bb][et_pb_column type=\u00bb1_2&#8243; _builder_version=\u00bb4.16&#8243; _module_preset=\u00bbdefault\u00bb custom_padding=\u00bb||60px|\u00bb global_colors_info=\u00bb{}\u00bb custom_padding__hover=\u00bb|||\u00bb][et_pb_text _builder_version=\u00bb4.27.0&#8243; _module_preset=\u00bbdefault\u00bb text_font=\u00bb||||||||\u00bb text_text_color=\u00bb#FFFFFF\u00bb text_font_size=\u00bb17px\u00bb text_line_height=\u00bb1.4em\u00bb link_text_color=\u00bb#FFFFFF\u00bb header_font=\u00bb||||||||\u00bb header_text_color=\u00bb#000000&#8243; header_font_size=\u00bb36px\u00bb header_line_height=\u00bb1.4em\u00bb header_2_text_color=\u00bb#FFFFFF\u00bb header_2_font_size=\u00bb37px\u00bb background_layout=\u00bbdark\u00bb max_width=\u00bb550px\u00bb header_2_font_size_tablet=\u00bb27px\u00bb header_2_font_size_phone=\u00bb23px\u00bb header_2_font_size_last_edited=\u00bbon|phone\u00bb global_colors_info=\u00bb{}\u00bb]<h2>Mejoramos el impacto y el atractivo<\/h2>\n<p>Nuestro servicio de animaci\u00f3n en 2D y 3D da vida a las ideas de nuestros clientes, creando visuales din\u00e1micos que mejoran el impacto y el atractivo de sus contenidos. Realizamos animaci\u00f3n en la producci\u00f3n de v\u00eddeos corporativos, promocionales y motion graphics, asegur\u00e1ndonos que cada proyecto sea \u00fanico y cautivador, dise\u00f1ando y haciendo uso de elementos visuales que atraen y mantienen la atenci\u00f3n de la audiencia. Adaptamos nuestros formatos para distintos canales de comunicaci\u00f3n, desde v\u00eddeos para redes sociales hasta contenidos de formaci\u00f3n, publicidad, TV, grafismo y realidad aumentada mixta, asegurando una presencia de marca consistente y efectiva.<\/p>[\/et_pb_text][\/et_pb_column][et_pb_column type=\u00bb1_2&#8243; _builder_version=\u00bb4.16&#8243; _module_preset=\u00bbdefault\u00bb custom_padding=\u00bb|||\u00bb global_colors_info=\u00bb{}\u00bb custom_padding__hover=\u00bb|||\u00bb][et_pb_image src=\u00bbhttps:\/\/focusmediabcn.cat\/es\/wp-content\/uploads\/sites\/3\/2024\/08\/Capa1080.png\u00bb title_text=\u00bbPantallas_08-c\u00bb show_bottom_space=\u00bboff\u00bb force_fullwidth=\u00bbon\u00bb align_tablet=\u00bbcenter\u00bb align_phone=\u00bbcenter\u00bb align_last_edited=\u00bbon|desktop\u00bb _builder_version=\u00bb4.27.0&#8243; _module_preset=\u00bbdefault\u00bb background_enable_video_mp4=\u00bboff\u00bb background_video_webm=\u00bbhttps:\/\/focusmediabcn.cat\/wp-content\/uploads\/2024\/08\/Pantallas_08-c.webm\u00bb animation_style=\u00bbslide\u00bb animation_direction=\u00bbleft\u00bb animation_intensity_slide=\u00bb10%\u00bb global_colors_info=\u00bb{}\u00bb][\/et_pb_image][\/et_pb_column][\/et_pb_row][\/et_pb_section][et_pb_section fb_built=\u00bb1&#8243; admin_label=\u00bbServices-01&#8243; _builder_version=\u00bb4.26.0&#8243; _module_preset=\u00bbdefault\u00bb background_color=\u00bbgcid-b6c4f12c-f25d-4f61-9fb1-6e96404634cd\u00bb custom_padding=\u00bb7%||7%||true|false\u00bb locked=\u00bboff\u00bb global_colors_info=\u00bb{%22gcid-b6c4f12c-f25d-4f61-9fb1-6e96404634cd%22:%91%22background_color%22%93}\u00bb][et_pb_row column_structure=\u00bb1_2,1_2&#8243; _builder_version=\u00bb4.25.2&#8243; _module_preset=\u00bbdefault\u00bb global_colors_info=\u00bb{}\u00bb][et_pb_column type=\u00bb1_2&#8243; _builder_version=\u00bb4.25.2&#8243; _module_preset=\u00bbdefault\u00bb global_colors_info=\u00bb{}\u00bb][et_pb_text _builder_version=\u00bb4.26.0&#8243; _module_preset=\u00bbdefault\u00bb header_6_text_color=\u00bbrgba(143,143,143,0.5)\u00bb header_6_font_size=\u00bb197px\u00bb custom_margin=\u00bb||-13%||false|false\u00bb custom_margin_tablet=\u00bb||-9%||false|false\u00bb custom_margin_phone=\u00bb||-15%||false|false\u00bb custom_margin_last_edited=\u00bbon|tablet\u00bb animation_style=\u00bbfade\u00bb header_6_font_size_tablet=\u00bb167px\u00bb header_6_font_size_phone=\u00bb157px\u00bb header_6_font_size_last_edited=\u00bbon|phone\u00bb global_colors_info=\u00bb{}\u00bb]<h6>01<\/h6>[\/et_pb_text][et_pb_heading title=\u00bbV\u00eddeos corporativos\u00bb _builder_version=\u00bb4.27.0&#8243; _module_preset=\u00bbdefault\u00bb title_font=\u00bb||||||||\u00bb title_font_size=\u00bb47px\u00bb title_font_size_tablet=\u00bb37px\u00bb title_font_size_phone=\u00bb27px\u00bb global_colors_info=\u00bb{}\u00bb][\/et_pb_heading][et_pb_text _builder_version=\u00bb4.27.0&#8243; _module_preset=\u00bbdefault\u00bb text_font=\u00bb||||||||\u00bb text_text_color=\u00bb#000000&#8243; text_font_size=\u00bb17px\u00bb text_line_height=\u00bb1.4em\u00bb header_font=\u00bb||||||||\u00bb background_size=\u00bbinitial\u00bb background_position=\u00bbtop_left\u00bb background_repeat=\u00bbrepeat\u00bb custom_margin=\u00bb||50px|\u00bb animation_style=\u00bbslide\u00bb animation_direction=\u00bbtop\u00bb animation_intensity_slide=\u00bb17%\u00bb locked=\u00bboff\u00bb global_colors_info=\u00bb{}\u00bb]<p>Realizamos animaci\u00f3n para v\u00eddeos corporativos de toda clase, incluyendo anuncios publicitarios, v\u00eddeos promocionales, lanzamiento de productos, entre otros que potencian su marca, v\u00eddeos formativos, v\u00eddeos de marca para espacios sociales, ferias y presentaciones, que reflejan los valores y la misi\u00f3n de su empresa; y v\u00eddeos para redes sociales que maximizan su impacto en las plataformas digitales.<\/p>[\/et_pb_text][\/et_pb_column][et_pb_column type=\u00bb1_2&#8243; _builder_version=\u00bb4.25.2&#8243; _module_preset=\u00bbdefault\u00bb global_colors_info=\u00bb{}\u00bb][et_pb_image src=\u00bbhttps:\/\/focusmediabcn.cat\/es\/wp-content\/uploads\/sites\/3\/2024\/08\/Capa960x640.png\u00bb title_text=\u00bbPantallas_06-C\u00bb align=\u00bbcenter\u00bb force_fullwidth=\u00bbon\u00bb _builder_version=\u00bb4.27.0&#8243; _module_preset=\u00bbdefault\u00bb background_enable_video_mp4=\u00bboff\u00bb background_video_webm=\u00bbhttps:\/\/focusmediabcn.cat\/wp-content\/uploads\/2024\/08\/Pantallas_06-C.webm\u00bb global_colors_info=\u00bb{}\u00bb][\/et_pb_image][\/et_pb_column][\/et_pb_row][et_pb_row column_structure=\u00bb1_2,1_2&#8243; custom_padding_last_edited=\u00bbon|phone\u00bb _builder_version=\u00bb4.27.0&#8243; _module_preset=\u00bbdefault\u00bb custom_padding_tablet=\u00bb0px||||false|false\u00bb custom_padding_phone=\u00bb0px||||false|false\u00bb global_colors_info=\u00bb{}\u00bb][et_pb_column type=\u00bb1_2&#8243; _builder_version=\u00bb4.25.2&#8243; _module_preset=\u00bbdefault\u00bb global_colors_info=\u00bb{}\u00bb][et_pb_image src=\u00bbhttps:\/\/focusmediabcn.cat\/es\/wp-content\/uploads\/sites\/3\/2024\/08\/Capa960x640.png\u00bb title_text=\u00bbPantallas_02-C\u00bb align=\u00bbcenter\u00bb force_fullwidth=\u00bbon\u00bb _builder_version=\u00bb4.27.0&#8243; _module_preset=\u00bbdefault\u00bb background_enable_video_mp4=\u00bboff\u00bb background_video_webm=\u00bbhttps:\/\/focusmediabcn.cat\/wp-content\/uploads\/2024\/08\/Pantallas_02-C.webm\u00bb global_colors_info=\u00bb{}\u00bb][\/et_pb_image][\/et_pb_column][et_pb_column type=\u00bb1_2&#8243; _builder_version=\u00bb4.25.2&#8243; _module_preset=\u00bbdefault\u00bb global_colors_info=\u00bb{}\u00bb][et_pb_image src=\u00bbhttps:\/\/focusmediabcn.cat\/es\/wp-content\/uploads\/sites\/3\/2024\/08\/Capa960x640.png\u00bb title_text=\u00bbPantallas_04-C\u00bb align=\u00bbcenter\u00bb force_fullwidth=\u00bbon\u00bb _builder_version=\u00bb4.27.0&#8243; _module_preset=\u00bbdefault\u00bb background_enable_video_mp4=\u00bboff\u00bb background_video_webm=\u00bbhttps:\/\/focusmediabcn.cat\/wp-content\/uploads\/2024\/08\/Pantallas_04-C.webm\u00bb global_colors_info=\u00bb{}\u00bb][\/et_pb_image][\/et_pb_column][\/et_pb_row][\/et_pb_section][et_pb_section fb_built=\u00bb1&#8243; admin_label=\u00bbServices-02&#8243; _builder_version=\u00bb4.26.0&#8243; _module_preset=\u00bbdefault\u00bb background_color=\u00bbgcid-b6c4f12c-f25d-4f61-9fb1-6e96404634cd\u00bb custom_padding=\u00bb7%||7%||true|false\u00bb locked=\u00bboff\u00bb global_colors_info=\u00bb{%22gcid-b6c4f12c-f25d-4f61-9fb1-6e96404634cd%22:%91%22background_color%22%93}\u00bb][et_pb_row column_structure=\u00bb1_2,1_2&#8243; _builder_version=\u00bb4.26.0&#8243; _module_preset=\u00bbdefault\u00bb hover_enabled=\u00bb0&#8243; global_colors_info=\u00bb{}\u00bb custom_css_main_element_last_edited=\u00bbon|tablet\u00bb custom_css_main_element_tablet=\u00bbdisplay: flex;||flex-direction: column-reverse;\u00bb custom_css_main_element_phone=\u00bbdisplay: flex;||flex-direction: column-reverse;\u00bb sticky_enabled=\u00bb0&#8243;][et_pb_column type=\u00bb1_2&#8243; _builder_version=\u00bb4.25.2&#8243; _module_preset=\u00bbdefault\u00bb global_colors_info=\u00bb{}\u00bb][et_pb_image src=\u00bbhttps:\/\/focusmediabcn.cat\/es\/wp-content\/uploads\/sites\/3\/2024\/08\/Capa960x640.png\u00bb title_text=\u00bbPantallas_09-C\u00bb align=\u00bbcenter\u00bb force_fullwidth=\u00bbon\u00bb _builder_version=\u00bb4.27.0&#8243; _module_preset=\u00bbdefault\u00bb background_enable_video_mp4=\u00bboff\u00bb background_video_webm=\u00bbhttps:\/\/focusmediabcn.cat\/wp-content\/uploads\/2024\/08\/Pantallas_09-C.webm\u00bb global_colors_info=\u00bb{}\u00bb][\/et_pb_image][\/et_pb_column][et_pb_column type=\u00bb1_2&#8243; _builder_version=\u00bb4.25.2&#8243; _module_preset=\u00bbdefault\u00bb global_colors_info=\u00bb{}\u00bb][et_pb_text _builder_version=\u00bb4.26.0&#8243; _module_preset=\u00bbdefault\u00bb header_6_text_color=\u00bbrgba(143,143,143,0.5)\u00bb header_6_font_size=\u00bb197px\u00bb custom_margin=\u00bb||-13%||false|false\u00bb custom_margin_tablet=\u00bb||-9%||false|false\u00bb custom_margin_phone=\u00bb||-15%||false|false\u00bb custom_margin_last_edited=\u00bbon|tablet\u00bb animation_style=\u00bbfade\u00bb header_6_font_size_tablet=\u00bb167px\u00bb header_6_font_size_phone=\u00bb157px\u00bb header_6_font_size_last_edited=\u00bbon|phone\u00bb global_colors_info=\u00bb{}\u00bb]<h6>02<\/h6>[\/et_pb_text][et_pb_heading title=\u00bbV\u00eddeo marketing\u00bb _builder_version=\u00bb4.27.0&#8243; _module_preset=\u00bbdefault\u00bb title_font=\u00bb||||||||\u00bb title_font_size=\u00bb47px\u00bb title_font_size_tablet=\u00bb37px\u00bb title_font_size_phone=\u00bb27px\u00bb global_colors_info=\u00bb{}\u00bb][\/et_pb_heading][et_pb_text _builder_version=\u00bb4.27.0&#8243; _module_preset=\u00bbdefault\u00bb text_font=\u00bb||||||||\u00bb text_text_color=\u00bb#000000&#8243; text_font_size=\u00bb17px\u00bb text_line_height=\u00bb1.4em\u00bb header_font=\u00bb||||||||\u00bb background_size=\u00bbinitial\u00bb background_position=\u00bbtop_left\u00bb background_repeat=\u00bbrepeat\u00bb custom_margin=\u00bb||50px|\u00bb animation_style=\u00bbslide\u00bb animation_direction=\u00bbtop\u00bb animation_intensity_slide=\u00bb17%\u00bb locked=\u00bboff\u00bb global_colors_info=\u00bb{}\u00bb]<p>Potenciamos su estrategia de marketing con producciones de animaci\u00f3n en v\u00eddeo 2D y 3D que representan sus ideas, explican, inspiran, emocionan y convierten.<\/p>[\/et_pb_text][\/et_pb_column][\/et_pb_row][\/et_pb_section][et_pb_section fb_built=\u00bb1&#8243; admin_label=\u00bbCall to Action\u00bb _builder_version=\u00bb4.27.0&#8243; _module_preset=\u00bbdefault\u00bb background_color=\u00bb#000000&#8243; use_background_color_gradient=\u00bbon\u00bb background_color_gradient_stops=\u00bb#1c1c1c 0%|rgba(28,28,28,0.27) 27%|rgba(28, 28, 28, 0.48) 73%|#1c1c1c 100%\u00bb background_image=\u00bbhttps:\/\/focusmediabcn.cat\/es\/wp-content\/uploads\/sites\/3\/2024\/08\/Sala-de-produccion-de-video-2.jpg\u00bb background_position=\u00bbcenter_right\u00bb background_blend=\u00bboverlay\u00bb custom_margin=\u00bb||||false\u00bb custom_padding=\u00bb7%||7%||true|false\u00bb locked=\u00bboff\u00bb collapsed=\u00bbon\u00bb global_colors_info=\u00bb{%22gcid-16f2e3f0-fa73-41d9-9389-b8ed3255b5cc%22:%91%22background_color%22%93}\u00bb][et_pb_row _builder_version=\u00bb4.26.0&#8243; _module_preset=\u00bbdefault\u00bb custom_padding=\u00bb1%||1%||true|false\u00bb global_colors_info=\u00bb{}\u00bb][et_pb_column type=\u00bb4_4&#8243; _builder_version=\u00bb4.25.1&#8243; _module_preset=\u00bbdefault\u00bb global_colors_info=\u00bb{}\u00bb][et_pb_heading title=\u00bbPRODUCCI\u00d3n AUDIOVISUAL\u00bb _builder_version=\u00bb4.27.0&#8243; _module_preset=\u00bbdefault\u00bb title_level=\u00bbh3&#8243; title_font=\u00bbUxumGrotesque-Medium|||on|||||\u00bb title_text_color=\u00bb#FFFFFF\u00bb title_font_size=\u00bb14px\u00bb title_font_size_tablet=\u00bb37px\u00bb title_font_size_phone=\u00bb27px\u00bb title_font_size_last_edited=\u00bboff|desktop\u00bb locked=\u00bboff\u00bb global_colors_info=\u00bb{}\u00bb][\/et_pb_heading][et_pb_text _builder_version=\u00bb4.27.0&#8243; _module_preset=\u00bbdefault\u00bb header_font=\u00bb|300||on|||||\u00bb header_font_size=\u00bb10vw\u00bb header_2_font=\u00bbUxumGrotesque-Medium||||||||\u00bb header_2_text_color=\u00bb#FFFFFF\u00bb header_2_font_size=\u00bb7vw\u00bb custom_padding=\u00bb||3%||false|false\u00bb locked=\u00bboff\u00bb global_colors_info=\u00bb{}\u00bb]<h2>Grabaci\u00f3n y edici\u00f3n de v\u00eddeo<\/h2>[\/et_pb_text][et_pb_heading title=\u00bbContenidos para campa\u00f1as audiovisuales, TV, redes sociales, documentales, v\u00eddeos publicitarios, promocionales, de productos y corporativos.\u00bb _builder_version=\u00bb4.27.0&#8243; _module_preset=\u00bbdefault\u00bb title_font=\u00bbUxumGrotesque-Regular|500|||||||\u00bb title_text_align=\u00bbcenter\u00bb title_text_color=\u00bb#FFFFFF\u00bb title_font_size=\u00bb37px\u00bb custom_padding=\u00bb48px||||false|false\u00bb scroll_fade_enable=\u00bbon\u00bb scroll_blur_enable=\u00bbon\u00bb title_font_size_tablet=\u00bb27px\u00bb title_font_size_phone=\u00bb27px\u00bb title_font_size_last_edited=\u00bbon|tablet\u00bb global_colors_info=\u00bb{}\u00bb][\/et_pb_heading][et_pb_button button_url=\u00bbhttps:\/\/focusmediabcn.cat\/es\/grabacion-y-edicion-de-video\u00bb button_text=\u00bbVer m\u00e1s\u00bb button_alignment=\u00bbcenter\u00bb _builder_version=\u00bb4.27.0&#8243; _module_preset=\u00bbdefault\u00bb custom_button=\u00bbon\u00bb button_text_color=\u00bb#FFFFFF\u00bb button_border_width=\u00bb0px\u00bb button_border_radius=\u00bb3px\u00bb button_text_size_tablet=\u00bb15px\u00bb button_text_size_phone=\u00bb15px\u00bb button_text_size_last_edited=\u00bbon|phone\u00bb locked=\u00bboff\u00bb global_colors_info=\u00bb{}\u00bb][\/et_pb_button][\/et_pb_column][\/et_pb_row][\/et_pb_section]\n","protected":false},"excerpt":{"rendered":"<p>Animaci\u00f3n de v\u00eddeo 2D y 3DMejoramos el impacto y el atractivo Nuestro servicio de animaci\u00f3n en 2D y 3D da vida a las ideas de nuestros clientes, creando visuales din\u00e1micos que mejoran el impacto y el atractivo de sus contenidos. Realizamos animaci\u00f3n en la producci\u00f3n de v\u00eddeos corporativos, promocionales y motion graphics, asegur\u00e1ndonos que cada [&hellip;]<\/p>\n","protected":false},"author":1,"featured_media":10714,"parent":0,"menu_order":0,"comment_status":"closed","ping_status":"closed","template":"","meta":{"_et_pb_use_builder":"on","_et_pb_old_content":"","_et_gb_content_width":"","footnotes":""},"class_list":["post-9195","page","type-page","status-publish","has-post-thumbnail","hentry"],"_links":{"self":[{"href":"https:\/\/focusmediabcn.cat\/es\/wp-json\/wp\/v2\/pages\/9195","targetHints":{"allow":["GET"]}}],"collection":[{"href":"https:\/\/focusmediabcn.cat\/es\/wp-json\/wp\/v2\/pages"}],"about":[{"href":"https:\/\/focusmediabcn.cat\/es\/wp-json\/wp\/v2\/types\/page"}],"author":[{"embeddable":true,"href":"https:\/\/focusmediabcn.cat\/es\/wp-json\/wp\/v2\/users\/1"}],"replies":[{"embeddable":true,"href":"https:\/\/focusmediabcn.cat\/es\/wp-json\/wp\/v2\/comments?post=9195"}],"version-history":[{"count":0,"href":"https:\/\/focusmediabcn.cat\/es\/wp-json\/wp\/v2\/pages\/9195\/revisions"}],"wp:featuredmedia":[{"embeddable":true,"href":"https:\/\/focusmediabcn.cat\/es\/wp-json\/"}],"wp:attachment":[{"href":"https:\/\/focusmediabcn.cat\/es\/wp-json\/wp\/v2\/media?parent=9195"}],"curies":[{"name":"wp","href":"https:\/\/api.w.org\/{rel}","templated":true}]}}