{"id":9191,"date":"2024-08-28T23:03:25","date_gmt":"2024-08-28T21:03:25","guid":{"rendered":"https:\/\/focusmediabcn.cat\/es\/?page_id=9191"},"modified":"2025-02-08T09:50:38","modified_gmt":"2025-02-08T07:50:38","slug":"sobre-nosotros","status":"publish","type":"page","link":"https:\/\/focusmediabcn.cat\/es\/sobre-nosotros\/","title":{"rendered":"Sobre nosotros"},"content":{"rendered":"\n[et_pb_section fb_built=\u00bb1&#8243; _builder_version=\u00bb4.27.0&#8243; _module_preset=\u00bbdefault\u00bb background_enable_color=\u00bboff\u00bb use_background_color_gradient=\u00bbon\u00bb background_color_gradient_stops=\u00bbrgba(36,36,36,0.31) 0%|rgba(28,28,28,0.54) 100%\u00bb background_image=\u00bbhttps:\/\/focusmediabcn.cat\/es\/wp-content\/uploads\/sites\/3\/2024\/08\/evento-corporativo-iluminacion-audiovisual-services.jpg\u00bb background_blend=\u00bbmultiply\u00bb custom_padding=\u00bb17%||7%||false|false\u00bb locked=\u00bboff\u00bb global_colors_info=\u00bb{}\u00bb][et_pb_row _builder_version=\u00bb4.25.2&#8243; _module_preset=\u00bb819b7d82-ad87-4741-a090-c9b3c44d625b\u00bb locked=\u00bboff\u00bb global_colors_info=\u00bb{}\u00bb][et_pb_column type=\u00bb4_4&#8243; _builder_version=\u00bb4.25.2&#8243; _module_preset=\u00bbdefault\u00bb global_colors_info=\u00bb{}\u00bb][et_pb_heading title=\u00bbNos apasiona establecer v\u00ednculos significativos, acompa\u00f1\u00e1ndole en cada paso del camino.\u00bb _builder_version=\u00bb4.27.0&#8243; _module_preset=\u00bb9949f5fd-1088-4a38-af71-f3bb7c907fc2&#8243; title_level=\u00bbh2&#8243; title_font=\u00bbUxumGrotesque-Bold|800|||||||\u00bb title_text_align=\u00bbcenter\u00bb title_text_color=\u00bb#FFFFFF\u00bb title_font_size=\u00bb67px\u00bb width_tablet=\u00bb\u00bb width_phone=\u00bb\u00bb width_last_edited=\u00bbon|desktop\u00bb max_width=\u00bb1080px\u00bb title_font_size_tablet=\u00bb57px\u00bb title_font_size_phone=\u00bb47px\u00bb global_colors_info=\u00bb{}\u00bb][\/et_pb_heading][\/et_pb_column][\/et_pb_row][\/et_pb_section][et_pb_section fb_built=\u00bb1&#8243; custom_padding_last_edited=\u00bbon|tablet\u00bb admin_label=\u00bbQuatre punts\u00bb _builder_version=\u00bb4.26.0&#8243; _module_preset=\u00bbdefault\u00bb background_enable_color=\u00bboff\u00bb custom_padding=\u00bb||||false|false\u00bb custom_padding_tablet=\u00bb||||false|false\u00bb custom_padding_phone=\u00bb||0px||false|false\u00bb locked=\u00bboff\u00bb global_colors_info=\u00bb{}\u00bb][et_pb_row column_structure=\u00bb1_2,1_2&#8243; _builder_version=\u00bb4.27.0&#8243; _module_preset=\u00bbdefault\u00bb width=\u00bb100%\u00bb max_width=\u00bb100%\u00bb custom_padding=\u00bb|5%||5%|false|true\u00bb global_colors_info=\u00bb{}\u00bb][et_pb_column type=\u00bb1_2&#8243; _builder_version=\u00bb4.27.0&#8243; _module_preset=\u00bbdefault\u00bb custom_padding=\u00bb50px|10%|50px||true|false\u00bb custom_padding_tablet=\u00bb0px|0%|0px||true|false\u00bb custom_padding_phone=\u00bb|0%|||false|false\u00bb custom_padding_last_edited=\u00bbon|phone\u00bb sticky_position=\u00bbtop\u00bb sticky_limit_bottom=\u00bbrow\u00bb sticky_position_tablet=\u00bbnone\u00bb sticky_position_phone=\u00bbnone\u00bb sticky_position_last_edited=\u00bbon|tablet\u00bb global_colors_info=\u00bb{}\u00bb][et_pb_text _builder_version=\u00bb4.27.0&#8243; _module_preset=\u00bbdefault\u00bb header_2_font=\u00bb|700|||||||\u00bb header_2_text_align=\u00bbleft\u00bb header_2_text_color=\u00bb#1c1c1c\u00bb header_2_font_size=\u00bb77px\u00bb custom_margin=\u00bb||20px||false|false\u00bb header_2_font_size_tablet=\u00bb57px\u00bb header_2_font_size_phone=\u00bb47px\u00bb header_2_font_size_last_edited=\u00bbon|phone\u00bb global_colors_info=\u00bb{}\u00bb]<h2>Sobre nosotros<\/h2>[\/et_pb_text][et_pb_text _builder_version=\u00bb4.26.0&#8243; _module_preset=\u00bbdefault\u00bb text_font=\u00bb||||||||\u00bb text_text_color=\u00bb#1c1c1c\u00bb text_font_size=\u00bb17px\u00bb text_line_height=\u00bb1.3em\u00bb background_layout=\u00bbdark\u00bb custom_margin=\u00bb||||false|false\u00bb custom_margin_tablet=\u00bb||70px||false|false\u00bb custom_margin_phone=\u00bb||50px||false|false\u00bb custom_margin_last_edited=\u00bbon|phone\u00bb hover_enabled=\u00bb0&#8243; text_font_size_tablet=\u00bb17px\u00bb text_font_size_phone=\u00bb17px\u00bb text_font_size_last_edited=\u00bboff|desktop\u00bb global_colors_info=\u00bb{}\u00bb sticky_enabled=\u00bb0&#8243;]<p>Somos una empresa experimentada y comprometida que le acompa\u00f1ar\u00e1 en todo momento, llevando a la cabeza la innovaci\u00f3n y la superaci\u00f3n constante de las expectativas.<\/p>[\/et_pb_text][\/et_pb_column][et_pb_column type=\u00bb1_2&#8243; _builder_version=\u00bb4.19.0&#8243; _module_preset=\u00bbdefault\u00bb custom_padding=\u00bb50px||50px||true|false\u00bb custom_padding_tablet=\u00bb0px||0px||true|false\u00bb custom_padding_phone=\u00bb0px||0px||true|false\u00bb custom_padding_last_edited=\u00bbon|tablet\u00bb custom_css_main_element=\u00bbdisplay: flex;||justify-content: flex-start;||align-items: flex-start;||flex-flow: row wrap;\u00bb global_colors_info=\u00bb{}\u00bb custom_css_main_element_last_edited=\u00bbon|phone\u00bb custom_css_main_element_phone=\u00bbdisplay: flex;||justify-content: flex-start;||align-items: flex-start;||flex-flow: column;\u00bb custom_css_main_element_tablet=\u00bbdisplay: flex;||justify-content: flex-start;||align-items: flex-start;||flex-flow: row wrap;\u00bb][et_pb_text _builder_version=\u00bb4.26.0&#8243; _module_preset=\u00bbdefault\u00bb text_font=\u00bbUxumGrotesqueItalic-Bold|500|on||||||\u00bb text_text_color=\u00bb#1c1c1c\u00bb text_font_size=\u00bb4rem\u00bb text_line_height=\u00bb0.5em\u00bb background_layout=\u00bbdark\u00bb width=\u00bb18%\u00bb width_tablet=\u00bb18%\u00bb width_phone=\u00bb100%\u00bb width_last_edited=\u00bbon|phone\u00bb custom_margin=\u00bb||||false|false\u00bb custom_margin_tablet=\u00bb||||false|false\u00bb custom_margin_phone=\u00bb||30px||false|false\u00bb custom_margin_last_edited=\u00bbon|phone\u00bb custom_padding=\u00bb||||false|false\u00bb text_font_size_tablet=\u00bb4rem\u00bb text_font_size_phone=\u00bb3rem\u00bb text_font_size_last_edited=\u00bbon|tablet\u00bb global_colors_info=\u00bb{}\u00bb]<p>01<\/p>[\/et_pb_text][et_pb_blurb title=\u00bbMisi\u00f3n\u00bb image_icon_background_color=\u00bbRGBA(255,255,255,0)\u00bb image_icon_width=\u00bb55px\u00bb icon_alignment=\u00bbleft\u00bb content_max_width=\u00bb100%\u00bb _builder_version=\u00bb4.26.0&#8243; _module_preset=\u00bbdefault\u00bb header_level=\u00bbh3&#8243; header_font=\u00bb|600|||||||\u00bb header_text_color=\u00bb#1c1c1c\u00bb header_font_size=\u00bb27px\u00bb header_line_height=\u00bb1.4em\u00bb body_font=\u00bb||||||||\u00bb body_text_color=\u00bb#1c1c1c\u00bb body_font_size=\u00bb17px\u00bb body_line_height=\u00bb1.3em\u00bb image_icon_custom_padding=\u00bb20px|20px|20px|20px|true|true\u00bb background_layout=\u00bbdark\u00bb width=\u00bb80%\u00bb width_tablet=\u00bb80%\u00bb width_phone=\u00bb100%\u00bb width_last_edited=\u00bbon|phone\u00bb custom_margin=\u00bb||50px||false|false\u00bb header_font_size_tablet=\u00bb26px\u00bb header_font_size_phone=\u00bb23px\u00bb header_font_size_last_edited=\u00bbon|tablet\u00bb custom_css_blurb_title=\u00bbmargin-bottom: 10px;\u00bb border_radii_image=\u00bbon|10px|10px|10px|10px\u00bb border_width_all_image=\u00bb2px\u00bb border_color_all_image=\u00bb#FFFFFF\u00bb global_colors_info=\u00bb{}\u00bb]<p>Aportamos a la transformaci\u00f3n de la comunicaci\u00f3n entre personas, marcas y producci\u00f3n audiovisual mediante soluciones t\u00e9cnicas y estrat\u00e9gicas innovadoras. Nos comprometemos a ofrecer experiencias \u00fanicas gracias a nuestro conocimiento y utilizando tecnolog\u00eda avanzada, realidad aumentada e inteligencia artificial. Nuestro objetivo es potenciar los servicios de las agencias y reforzar la identidad de las marcas con las que colaboramos, creando contenidos que conecten profundamente al p\u00fablico y generen un impacto significativo en su comportamiento y experiencia.<\/p>[\/et_pb_blurb][et_pb_text _builder_version=\u00bb4.26.0&#8243; _module_preset=\u00bbdefault\u00bb text_font=\u00bbUxumGrotesqueItalic-Bold|500|on||||||\u00bb text_text_color=\u00bb#1c1c1c\u00bb text_font_size=\u00bb4rem\u00bb text_line_height=\u00bb0.5em\u00bb background_layout=\u00bbdark\u00bb width=\u00bb18%\u00bb width_tablet=\u00bb18%\u00bb width_phone=\u00bb100%\u00bb width_last_edited=\u00bbon|phone\u00bb custom_margin=\u00bb||||false|false\u00bb custom_margin_tablet=\u00bb||||false|false\u00bb custom_margin_phone=\u00bb||30px||false|false\u00bb custom_margin_last_edited=\u00bbon|phone\u00bb custom_padding=\u00bb||||false|false\u00bb text_font_size_tablet=\u00bb4rem\u00bb text_font_size_phone=\u00bb3rem\u00bb text_font_size_last_edited=\u00bbon|tablet\u00bb global_colors_info=\u00bb{}\u00bb]<p>02<\/p>[\/et_pb_text][et_pb_blurb title=\u00bbVisi\u00f3n\u00bb image_icon_background_color=\u00bbRGBA(255,255,255,0)\u00bb image_icon_width=\u00bb55px\u00bb icon_alignment=\u00bbleft\u00bb content_max_width=\u00bb100%\u00bb _builder_version=\u00bb4.26.0&#8243; _module_preset=\u00bbdefault\u00bb header_level=\u00bbh3&#8243; header_font=\u00bb|600|||||||\u00bb header_text_color=\u00bb#1c1c1c\u00bb header_font_size=\u00bb27px\u00bb header_line_height=\u00bb1.4em\u00bb body_font=\u00bb||||||||\u00bb body_text_color=\u00bb#1c1c1c\u00bb body_font_size=\u00bb17px\u00bb body_line_height=\u00bb1.3em\u00bb image_icon_custom_padding=\u00bb20px|20px|20px|20px|true|true\u00bb background_layout=\u00bbdark\u00bb width=\u00bb80%\u00bb width_tablet=\u00bb80%\u00bb width_phone=\u00bb100%\u00bb width_last_edited=\u00bbon|phone\u00bb custom_margin=\u00bb||50px||false|false\u00bb header_font_size_tablet=\u00bb26px\u00bb header_font_size_phone=\u00bb23px\u00bb header_font_size_last_edited=\u00bbon|tablet\u00bb custom_css_blurb_title=\u00bbmargin-bottom: 10px;\u00bb border_radii_image=\u00bbon|10px|10px|10px|10px\u00bb border_width_all_image=\u00bb2px\u00bb border_color_all_image=\u00bb#FFFFFF\u00bb global_colors_info=\u00bb{}\u00bb]<p>Somos una agencia productora que destaca en la innovaci\u00f3n en el campo de la producci\u00f3n audiovisual. Nuestra visi\u00f3n es ser reconocidos como referentes en la creaci\u00f3n de soluciones originales e innovadoras, adapt\u00e1ndonos constantemente a las necesidades de nuestros clientes y estableciendo relaciones duraderas basadas en nuestro compromiso y servicios.<\/p>\n<p><strong>Innovaci\u00f3n y originalidad:<\/strong> Fomentamos un entorno creativo y avanzado que nos permite desarrollar soluciones \u00fanicas, alineadas con los objetivos de nuestros clientes y anticipando las tendencias del sector.<\/p>[\/et_pb_blurb][et_pb_text _builder_version=\u00bb4.19.0&#8243; _module_preset=\u00bbdefault\u00bb text_font=\u00bbUxumGrotesqueItalic-Bold|500|on||||||\u00bb text_text_color=\u00bb#1c1c1c\u00bb text_font_size=\u00bb4rem\u00bb text_line_height=\u00bb0.5em\u00bb background_layout=\u00bbdark\u00bb width=\u00bb18%\u00bb width_tablet=\u00bb18%\u00bb width_phone=\u00bb100%\u00bb width_last_edited=\u00bbon|phone\u00bb custom_margin=\u00bb||||false|false\u00bb custom_margin_tablet=\u00bb||||false|false\u00bb custom_margin_phone=\u00bb||30px||false|false\u00bb custom_margin_last_edited=\u00bbon|phone\u00bb custom_padding=\u00bb||||false|false\u00bb text_font_size_tablet=\u00bb4rem\u00bb text_font_size_phone=\u00bb3rem\u00bb text_font_size_last_edited=\u00bbon|tablet\u00bb global_colors_info=\u00bb{}\u00bb]<p>03<\/p>[\/et_pb_text][et_pb_blurb title=\u00bbValores\u00bb image_icon_background_color=\u00bbRGBA(255,255,255,0)\u00bb image_icon_width=\u00bb55px\u00bb icon_alignment=\u00bbleft\u00bb content_max_width=\u00bb100%\u00bb _builder_version=\u00bb4.26.0&#8243; _module_preset=\u00bbdefault\u00bb header_level=\u00bbh3&#8243; header_font=\u00bb|600|||||||\u00bb header_text_color=\u00bb#1c1c1c\u00bb header_font_size=\u00bb27px\u00bb header_line_height=\u00bb1.4em\u00bb body_font=\u00bb||||||||\u00bb body_text_color=\u00bb#1c1c1c\u00bb body_font_size=\u00bb17px\u00bb body_line_height=\u00bb1.3em\u00bb image_icon_custom_padding=\u00bb20px|20px|20px|20px|true|true\u00bb background_layout=\u00bbdark\u00bb width=\u00bb80%\u00bb width_tablet=\u00bb80%\u00bb width_phone=\u00bb100%\u00bb width_last_edited=\u00bbon|phone\u00bb custom_margin=\u00bb||50px||false|false\u00bb header_font_size_tablet=\u00bb26px\u00bb header_font_size_phone=\u00bb23px\u00bb header_font_size_last_edited=\u00bbon|tablet\u00bb custom_css_blurb_title=\u00bbmargin-bottom: 10px;\u00bb border_radii_image=\u00bbon|10px|10px|10px|10px\u00bb border_width_all_image=\u00bb2px\u00bb border_color_all_image=\u00bb#FFFFFF\u00bb locked=\u00bboff\u00bb global_colors_info=\u00bb{}\u00bb]<p><strong>Integridad:<\/strong> Actuamos con transparencia y \u00e9tica en todas nuestras interacciones, asegurando que cada decisi\u00f3n se tome con la m\u00e1xima honestidad y responsabilidad.<\/p>\n<p><strong>Igualdad y diversidad:<\/strong> Creemos en la importancia de la igualdad y diversidad en todas nuestras operaciones. Fomentamos un ambiente de trabajo inclusivo y respetuoso, en el que cada persona se sienta valorado y respetado.<\/p>\n<p><strong>Pasi\u00f3n y compromiso:<\/strong> Nos apasiona superar las expectativas en cada proyecto. Nos dedicamos a proporcionar resultados inspiradores y de mayor calidad, con un enfoque entusiasta y proactivo.<\/p>\n<p><strong>Calidad:<\/strong> Aseguramos la excelencia en nuestros servicios mediante rigurosos controles y un enfoque meticuloso en cada etapa del proyecto. Nuestra prioridad es entregar resultados de alta calidad que cumplan y superen las expectativas de nuestros clientes.<\/p>[\/et_pb_blurb][et_pb_text _builder_version=\u00bb4.19.0&#8243; _module_preset=\u00bbdefault\u00bb text_font=\u00bbUxumGrotesqueItalic-Bold|500|on||||||\u00bb text_text_color=\u00bb#1c1c1c\u00bb text_font_size=\u00bb4rem\u00bb text_line_height=\u00bb0.5em\u00bb background_layout=\u00bbdark\u00bb width=\u00bb18%\u00bb width_tablet=\u00bb18%\u00bb width_phone=\u00bb100%\u00bb width_last_edited=\u00bbon|phone\u00bb custom_margin=\u00bb||||false|false\u00bb custom_margin_tablet=\u00bb||||false|false\u00bb custom_margin_phone=\u00bb||30px||false|false\u00bb custom_margin_last_edited=\u00bbon|phone\u00bb custom_padding=\u00bb||||false|false\u00bb text_font_size_tablet=\u00bb4rem\u00bb text_font_size_phone=\u00bb3rem\u00bb text_font_size_last_edited=\u00bbon|tablet\u00bb global_colors_info=\u00bb{}\u00bb]<p>04<\/p>[\/et_pb_text][et_pb_blurb title=\u00bbAtenci\u00f3n personalizada\u00bb image_icon_background_color=\u00bbRGBA(255,255,255,0)\u00bb image_icon_width=\u00bb55px\u00bb icon_alignment=\u00bbleft\u00bb content_max_width=\u00bb100%\u00bb _builder_version=\u00bb4.26.0&#8243; _module_preset=\u00bbdefault\u00bb header_level=\u00bbh3&#8243; header_font=\u00bb|600|||||||\u00bb header_text_color=\u00bb#1c1c1c\u00bb header_font_size=\u00bb27px\u00bb header_line_height=\u00bb1.4em\u00bb body_font=\u00bb||||||||\u00bb body_text_color=\u00bb#1c1c1c\u00bb body_font_size=\u00bb17px\u00bb body_line_height=\u00bb1.3em\u00bb image_icon_custom_padding=\u00bb20px|20px|20px|20px|true|true\u00bb background_layout=\u00bbdark\u00bb width=\u00bb80%\u00bb width_tablet=\u00bb80%\u00bb width_phone=\u00bb100%\u00bb width_last_edited=\u00bbon|phone\u00bb custom_margin=\u00bb||50px||false|false\u00bb header_font_size_tablet=\u00bb26px\u00bb header_font_size_phone=\u00bb23px\u00bb header_font_size_last_edited=\u00bbon|tablet\u00bb custom_css_blurb_title=\u00bbmargin-bottom: 10px;\u00bb border_radii_image=\u00bbon|10px|10px|10px|10px\u00bb border_width_all_image=\u00bb2px\u00bb border_color_all_image=\u00bb#FFFFFF\u00bb global_colors_info=\u00bb{}\u00bb]<p><strong>Entendimiento y relaciones duraderas:<\/strong> Comprendemos las necesidades de cada cliente y les acompa\u00f1amos de principio a fin de cada proyecto. Construimos relaciones basadas en la confianza, el compromiso y la satisfacci\u00f3n.<\/p>[\/et_pb_blurb][\/et_pb_column][\/et_pb_row][\/et_pb_section][et_pb_section fb_built=\u00bb1&#8243; admin_label=\u00bbAbout\u00bb _builder_version=\u00bb4.25.2&#8243; _module_preset=\u00bbdefault\u00bb background_color=\u00bbgcid-b6c4f12c-f25d-4f61-9fb1-6e96404634cd\u00bb global_colors_info=\u00bb{%22gcid-b6c4f12c-f25d-4f61-9fb1-6e96404634cd%22:%91%22background_color%22%93}\u00bb][et_pb_row column_structure=\u00bb1_2,1_2&#8243; _builder_version=\u00bb4.25.2&#8243; _module_preset=\u00bb819b7d82-ad87-4741-a090-c9b3c44d625b\u00bb global_colors_info=\u00bb{}\u00bb][et_pb_column type=\u00bb1_2&#8243; _builder_version=\u00bb4.25.2&#8243; _module_preset=\u00bbdefault\u00bb global_colors_info=\u00bb{}\u00bb][et_pb_heading title=\u00bbSobre Nosaltres\u00bb _builder_version=\u00bb4.27.0&#8243; _module_preset=\u00bb588f17ee-d6a3-4ed3-8e38-f817e22773f0&#8243; title_level=\u00bbh2&#8243; title_font=\u00bb|700||on|||||\u00bb title_text_color=\u00bbgcid-b70c6ec4-3d09-43b5-80df-154e6e990bf3&#8243; global_colors_info=\u00bb{%22gcid-b70c6ec4-3d09-43b5-80df-154e6e990bf3%22:%91%22title_text_color%22%93}\u00bb][\/et_pb_heading][et_pb_heading title=\u00bbIdentidad protegida en todos los \u00e1mbitos\u00bb _builder_version=\u00bb4.27.0&#8243; _module_preset=\u00bb9ed672ab-ab20-4608-ade8-658acb941e41&#8243; title_level=\u00bbh3&#8243; title_font=\u00bb||||||||\u00bb title_font_size=\u00bb47px\u00bb title_font_size_tablet=\u00bb30px\u00bb title_font_size_phone=\u00bb25px\u00bb global_colors_info=\u00bb{}\u00bb][\/et_pb_heading][et_pb_accordion _builder_version=\u00bb4.26.0&#8243; _module_preset=\u00bbd66659d6-f018-475b-9ada-5a9707126988&#8243; toggle_font=\u00bb||||||||\u00bb toggle_font_size=\u00bb22px\u00bb closed_toggle_font_size=\u00bb22px\u00bb body_font=\u00bb||||||||\u00bb body_font_size=\u00bb17px\u00bb body_line_height=\u00bb1.5em\u00bb toggle_font_size_tablet=\u00bb20px\u00bb toggle_font_size_phone=\u00bb18px\u00bb toggle_font_size_last_edited=\u00bbon|phone\u00bb closed_toggle_font_size_tablet=\u00bb20px\u00bb closed_toggle_font_size_phone=\u00bb18px\u00bb closed_toggle_font_size_last_edited=\u00bbon|phone\u00bb global_colors_info=\u00bb{%22gcid-53054839-b83d-4ef0-8659-8a010e6148fd%22:%91%22toggle_text_color%22,%22open_toggle_text_color%22,%22toggle_text_color%22,%22open_toggle_text_color%22,%22toggle_text_color%22,%22open_toggle_text_color%22,%22toggle_text_color%22,%22open_toggle_text_color%22,%22toggle_text_color%22,%22open_toggle_text_color%22%93}\u00bb][et_pb_accordion_item title=\u00bbExperiencia, servicio, confianza\u00bb open=\u00bbon\u00bb _builder_version=\u00bb4.26.0&#8243; _module_preset=\u00bbcfd79042-7405-4b7d-90b3-c5ff3d2ed68a\u00bb body_font=\u00bb||||||||\u00bb global_colors_info=\u00bb{}\u00bb]<p>A lo largo de los a\u00f1os, hemos construido una reputaci\u00f3n profesional s\u00f3lida, basada en soluciones creativas y personalizadas, acompa\u00f1ando a las marcas desde el inicio, y en todo el recorrido de la creaci\u00f3n y producci\u00f3n audiovisual para diferentes tipos de contenidos y plataformas, as\u00ed como , convirtiendo sus eventos en experiencias inolvidables. Desde eventos corporativos, ferias, congresos y convenciones, hasta presentaciones de productos en espacios de todo tipo, centros comerciales y conciertos.<\/p>[\/et_pb_accordion_item][et_pb_accordion_item title=\u00bbPersonalizaci\u00f3n y estrategia\u00bb _builder_version=\u00bb4.26.0&#8243; _module_preset=\u00bbcfd79042-7405-4b7d-90b3-c5ff3d2ed68a\u00bb global_colors_info=\u00bb{}\u00bb open=\u00bboff\u00bb]<p>En cada proyecto, nos distingue nuestra dedicaci\u00f3n absoluta por ofrecer un servicio completamente personalizado.<br \/>Nos enfocamos meticulosamente en la comunicaci\u00f3n, utilizando experiencias satisfactorias para construir conexiones significativas entre individuos y marcas.<br \/>La esencia de nuestra filosof\u00eda de dise\u00f1o se encuentra en un enfoque centrado en el usuario y el p\u00fablico objetivo de las marcas, lo que se traduce en soluciones que no s\u00f3lo cumplen con las expectativas, sino que tambi\u00e9n cautivan a usuarios y visitantes para igual.<\/p>[\/et_pb_accordion_item][et_pb_accordion_item title=\u00bbServicios de vanguardia\u00bb _builder_version=\u00bb4.26.0&#8243; _module_preset=\u00bbcfd79042-7405-4b7d-90b3-c5ff3d2ed68a\u00bb global_colors_info=\u00bb{}\u00bb open=\u00bboff\u00bb]<p>Sum\u00e9rjase en soluciones de vanguardia apoyadas por nuestra experiencia y tecnolog\u00eda de \u00faltima generaci\u00f3n.<\/p>\n<p>Optar por Focus Media Barcelona constituye una inmersi\u00f3n en un panorama de soluciones audiovisuales de \u00faltima generaci\u00f3n, apoyadas por la conjunci\u00f3n precisa entre tecnolog\u00eda de vanguardia y un equipo altamente talentoso.<\/p>\n<p>Extendemos nuestro alcance a agencias y clientes en las principales ferias y eventos de diversa \u00edndole en toda Europa.<\/p>[\/et_pb_accordion_item][\/et_pb_accordion][\/et_pb_column][et_pb_column type=\u00bb1_2&#8243; _builder_version=\u00bb4.25.2&#8243; _module_preset=\u00bbdefault\u00bb global_colors_info=\u00bb{}\u00bb][et_pb_image src=\u00bbhttps:\/\/focusmediabcn.cat\/es\/wp-content\/uploads\/sites\/3\/2024\/08\/recinto-ferian-fira-de-barcelona.jpg\u00bb alt=\u00bbSobre nosaltres, recinto-ferial-fira-de-Barcelona\u00bb _builder_version=\u00bb4.27.0&#8243; _module_preset=\u00bbdefault\u00bb global_colors_info=\u00bb{}\u00bb][\/et_pb_image][\/et_pb_column][\/et_pb_row][\/et_pb_section]\n","protected":false},"excerpt":{"rendered":"<p>Sobre nosotrosSomos una empresa experimentada y comprometida que le acompa\u00f1ar\u00e1 en todo momento, llevando a la cabeza la innovaci\u00f3n y la superaci\u00f3n constante de las expectativas.01Aportamos a la transformaci\u00f3n de la comunicaci\u00f3n entre personas, marcas y producci\u00f3n audiovisual mediante soluciones t\u00e9cnicas y estrat\u00e9gicas innovadoras. Nos comprometemos a ofrecer experiencias \u00fanicas gracias a nuestro conocimiento y [&hellip;]<\/p>\n","protected":false},"author":1,"featured_media":10728,"parent":0,"menu_order":0,"comment_status":"closed","ping_status":"closed","template":"","meta":{"_et_pb_use_builder":"on","_et_pb_old_content":"","_et_gb_content_width":"","footnotes":""},"class_list":["post-9191","page","type-page","status-publish","has-post-thumbnail","hentry"],"_links":{"self":[{"href":"https:\/\/focusmediabcn.cat\/es\/wp-json\/wp\/v2\/pages\/9191","targetHints":{"allow":["GET"]}}],"collection":[{"href":"https:\/\/focusmediabcn.cat\/es\/wp-json\/wp\/v2\/pages"}],"about":[{"href":"https:\/\/focusmediabcn.cat\/es\/wp-json\/wp\/v2\/types\/page"}],"author":[{"embeddable":true,"href":"https:\/\/focusmediabcn.cat\/es\/wp-json\/wp\/v2\/users\/1"}],"replies":[{"embeddable":true,"href":"https:\/\/focusmediabcn.cat\/es\/wp-json\/wp\/v2\/comments?post=9191"}],"version-history":[{"count":0,"href":"https:\/\/focusmediabcn.cat\/es\/wp-json\/wp\/v2\/pages\/9191\/revisions"}],"wp:featuredmedia":[{"embeddable":true,"href":"https:\/\/focusmediabcn.cat\/es\/wp-json\/"}],"wp:attachment":[{"href":"https:\/\/focusmediabcn.cat\/es\/wp-json\/wp\/v2\/media?parent=9191"}],"curies":[{"name":"wp","href":"https:\/\/api.w.org\/{rel}","templated":true}]}}