{"id":9183,"date":"2024-08-28T15:44:21","date_gmt":"2024-08-28T13:44:21","guid":{"rendered":"https:\/\/focusmediabcn.cat\/es\/?page_id=9183"},"modified":"2025-05-11T21:38:22","modified_gmt":"2025-05-11T19:38:22","slug":"contacto","status":"publish","type":"page","link":"https:\/\/focusmediabcn.cat\/es\/contacto\/","title":{"rendered":"Contacto"},"content":{"rendered":"<p>[et_pb_section fb_built=\u00bb1&#8243; admin_label=\u00bbCall to Action\u00bb _builder_version=\u00bb4.26.0&#8243; _module_preset=\u00bb2ee890cb-7b38-4272-8d33-9fc7aa6491da\u00bb background_color=\u00bb#dddddd\u00bb background_enable_image=\u00bboff\u00bb parallax=\u00bbon\u00bb custom_margin=\u00bb||||false\u00bb custom_padding=\u00bb7%||7%||true|false\u00bb locked=\u00bboff\u00bb collapsed=\u00bbon\u00bb global_colors_info=\u00bb{%22gcid-2352d280-fe84-43b1-a71e-f400c35a526a%22:%91%22background_color_gradient_stops%22,%22background_color_gradient_stops%22%93}\u00bb][et_pb_row column_structure=\u00bb3_4,1_4&#8243; disabled_on=\u00bboff|off|off\u00bb _builder_version=\u00bb4.26.0&#8243; _module_preset=\u00bbdefault\u00bb global_colors_info=\u00bb{}\u00bb][et_pb_column type=\u00bb3_4&#8243; _builder_version=\u00bb4.25.1&#8243; _module_preset=\u00bbdefault\u00bb global_colors_info=\u00bb{}\u00bb][et_pb_text _builder_version=\u00bb4.27.0&#8243; _module_preset=\u00bbdefault\u00bb header_3_font=\u00bbUxumGrotesque-UltraLight|600|||||||\u00bb header_3_text_color=\u00bb#000000&#8243; header_3_font_size=\u00bb37px\u00bb header_3_line_height=\u00bb1.2em\u00bb custom_margin=\u00bb|0px||0px|false|false\u00bb custom_padding=\u00bb1%||0px||false|false\u00bb scroll_fade_enable=\u00bbon\u00bb scroll_blur_enable=\u00bbon\u00bb header_3_font_size_tablet=\u00bb27px\u00bb header_3_font_size_phone=\u00bb21px\u00bb header_3_font_size_last_edited=\u00bbon|phone\u00bb locked=\u00bboff\u00bb global_colors_info=\u00bb{}\u00bb title_font_size_tablet=\u00bb27px\u00bb title_font_size_phone=\u00bb21px\u00bb title_font_size_last_edited=\u00bbon|phone\u00bb]<\/p>\n<h3>Con m\u00e1s de 15 a\u00f1os de experiencia en el sector de la producci\u00f3n de audiovisuales y espect\u00e1culos, nos hemos destacado por nuestra capacidad de crear dise\u00f1os innovadores, ofrecer soluciones efectivas y proporcionar experiencias satisfactorias tanto para nuestros clientes como para su p\u00fablico objetivo .<\/h3>\n<p>[\/et_pb_text][\/et_pb_column][et_pb_column type=\u00bb1_4&#8243; disabled_on=\u00bbon|on|off\u00bb _builder_version=\u00bb4.26.0&#8243; _module_preset=\u00bbdefault\u00bb global_colors_info=\u00bb{}\u00bb][\/et_pb_column][\/et_pb_row][\/et_pb_section][et_pb_section fb_built=\u00bb1&#8243; admin_label=\u00bbCall to Action\u00bb _builder_version=\u00bb4.26.0&#8243; _module_preset=\u00bb2ee890cb-7b38-4272-8d33-9fc7aa6491da\u00bb background_color=\u00bb#1c1c1c\u00bb background_enable_image=\u00bboff\u00bb parallax=\u00bbon\u00bb custom_margin=\u00bb||||false\u00bb custom_padding=\u00bb7%||7%||true|false\u00bb locked=\u00bboff\u00bb collapsed=\u00bbon\u00bb global_colors_info=\u00bb{%22gcid-2352d280-fe84-43b1-a71e-f400c35a526a%22:%91%22background_color_gradient_stops%22,%22background_color_gradient_stops%22%93}\u00bb][et_pb_row disabled_on=\u00bboff|off|off\u00bb _builder_version=\u00bb4.26.0&#8243; _module_preset=\u00bbdefault\u00bb global_colors_info=\u00bb{}\u00bb][et_pb_column type=\u00bb4_4&#8243; _builder_version=\u00bb4.25.1&#8243; _module_preset=\u00bbdefault\u00bb global_colors_info=\u00bb{}\u00bb][et_pb_text _builder_version=\u00bb4.27.0&#8243; _module_preset=\u00bbdefault\u00bb header_2_font=\u00bbUxumGrotesque-UltraLight|600||on|||||\u00bb header_2_text_color=\u00bb#FFFFFF\u00bb header_2_font_size=\u00bb37px\u00bb header_2_letter_spacing=\u00bb1px\u00bb header_2_line_height=\u00bb1.4em\u00bb header_3_font=\u00bbUxumGrotesque-Light|500|||||||\u00bb header_3_text_color=\u00bb#FFFFFF\u00bb header_3_font_size=\u00bb37px\u00bb header_3_line_height=\u00bb1.2em\u00bb custom_margin=\u00bb|0px||0px|false|false\u00bb custom_padding=\u00bb1%||0px||false|false\u00bb animation_style=\u00bbfade\u00bb scroll_fade_enable=\u00bbon\u00bb scroll_blur_enable=\u00bbon\u00bb header_2_font_size_tablet=\u00bb27px\u00bb header_2_font_size_phone=\u00bb21px\u00bb header_2_font_size_last_edited=\u00bbon|phone\u00bb header_3_font_size_tablet=\u00bb27px\u00bb header_3_font_size_phone=\u00bb21px\u00bb header_3_font_size_last_edited=\u00bbon|desktop\u00bb locked=\u00bboff\u00bb global_colors_info=\u00bb{}\u00bb title_font_size_tablet=\u00bb27px\u00bb title_font_size_phone=\u00bb21px\u00bb title_font_size_last_edited=\u00bbon|phone\u00bb]<\/p>\n<h2>Tecnolog\u00eda de vanguardia y conocimientos especializados al servicio de las agencias, productoras, empresas de diferentes sectores y las marcas<\/h2>\n<p>[\/et_pb_text][\/et_pb_column][\/et_pb_row][et_pb_row custom_padding_last_edited=\u00bbon|tablet\u00bb disabled_on=\u00bboff|off|off\u00bb _builder_version=\u00bb4.26.0&#8243; _module_preset=\u00bbdefault\u00bb custom_margin=\u00bb||||false|false\u00bb custom_padding=\u00bb|0%||27%|false|false\u00bb custom_padding_tablet=\u00bb|1%||0%|false|false\u00bb custom_padding_phone=\u00bb|1%||0%|false|false\u00bb global_colors_info=\u00bb{}\u00bb][et_pb_column type=\u00bb4_4&#8243; _builder_version=\u00bb4.26.0&#8243; _module_preset=\u00bbdefault\u00bb custom_padding=\u00bb|||0px|false|false\u00bb global_colors_info=\u00bb{}\u00bb][et_pb_text _builder_version=\u00bb4.27.0&#8243; _module_preset=\u00bbdefault\u00bb header_3_font=\u00bbUxumGrotesque-UltraLight|600|||||||\u00bb header_3_text_color=\u00bb#FFFFFF\u00bb header_3_font_size=\u00bb37px\u00bb header_3_line_height=\u00bb1.2em\u00bb custom_margin=\u00bb|0px||0px|false|false\u00bb custom_padding=\u00bb1%||0px||false|false\u00bb animation_style=\u00bbfade\u00bb scroll_fade_enable=\u00bbon\u00bb scroll_blur_enable=\u00bbon\u00bb header_3_font_size_tablet=\u00bb27px\u00bb header_3_font_size_phone=\u00bb21px\u00bb header_3_font_size_last_edited=\u00bbon|phone\u00bb locked=\u00bboff\u00bb global_colors_info=\u00bb{}\u00bb title_font_size_tablet=\u00bb27px\u00bb title_font_size_phone=\u00bb21px\u00bb title_font_size_last_edited=\u00bbon|phone\u00bb]<\/p>\n<h3>Nuestra experiencia nos permite abordar cada proyecto con un enfoque centrado en la efectividad, satisfacci\u00f3n del cliente y beneficio de las marcas.<\/h3>\n<p>[\/et_pb_text][\/et_pb_column][\/et_pb_row][\/et_pb_section][et_pb_section fb_built=\u00bb1&#8243; admin_label=\u00bbAbout\u00bb _builder_version=\u00bb4.25.2&#8243; _module_preset=\u00bbdefault\u00bb background_color=\u00bbgcid-b6c4f12c-f25d-4f61-9fb1-6e96404634cd\u00bb locked=\u00bboff\u00bb global_colors_info=\u00bb{%22gcid-b6c4f12c-f25d-4f61-9fb1-6e96404634cd%22:%91%22background_color%22%93}\u00bb][et_pb_row column_structure=\u00bb2_3,1_3&#8243; _builder_version=\u00bb4.25.2&#8243; _module_preset=\u00bb230399c1-801d-4649-8f8b-9d00608c8760&#8243; global_colors_info=\u00bb{}\u00bb][et_pb_column type=\u00bb2_3&#8243; _builder_version=\u00bb4.25.2&#8243; _module_preset=\u00bbdefault\u00bb global_colors_info=\u00bb{}\u00bb][et_pb_divider color=\u00bbrgba(0,0,0,0.2)\u00bb _builder_version=\u00bb4.25.2&#8243; _module_preset=\u00bbdefault\u00bb custom_margin=\u00bb||10px||false|false\u00bb locked=\u00bboff\u00bb global_colors_info=\u00bb{}\u00bb][\/et_pb_divider][et_pb_heading title=\u00bbContacto\u00bb _builder_version=\u00bb4.26.0&#8243; _module_preset=\u00bb32ff85c2-b1a1-4fa9-a568-3d10c28368aa\u00bb title_font=\u00bb||||||||\u00bb title_font_size=\u00bb47px\u00bb title_font_size_tablet=\u00bb37px\u00bb title_font_size_phone=\u00bb27px\u00bb global_colors_info=\u00bb{}\u00bb][\/et_pb_heading][\/et_pb_column][et_pb_column type=\u00bb1_3&#8243; _builder_version=\u00bb4.25.2&#8243; _module_preset=\u00bbdefault\u00bb background_color=\u00bbgcid-b6c4f12c-f25d-4f61-9fb1-6e96404634cd\u00bb custom_padding=\u00bb30px|30px|30px|30px|true|true\u00bb global_colors_info=\u00bb{%22gcid-b6c4f12c-f25d-4f61-9fb1-6e96404634cd%22:%91%22background_color%22%93}\u00bb][\/et_pb_column][\/et_pb_row][et_pb_row column_structure=\u00bb2_3,1_3&#8243; make_equal=\u00bbon\u00bb _builder_version=\u00bb4.25.2&#8243; _module_preset=\u00bb230399c1-801d-4649-8f8b-9d00608c8760&#8243; locked=\u00bboff\u00bb global_colors_info=\u00bb{}\u00bb][et_pb_column type=\u00bb2_3&#8243; _builder_version=\u00bb4.25.2&#8243; _module_preset=\u00bbdefault\u00bb global_colors_info=\u00bb{}\u00bb][et_pb_slider _builder_version=\u00bb4.27.0&#8243; _module_preset=\u00bbdefault\u00bb height=\u00bb500px\u00bb height_tablet=\u00bb50vw\u00bb height_phone=\u00bb50vw\u00bb height_last_edited=\u00bbon|desktop\u00bb global_colors_info=\u00bb{}\u00bb][et_pb_slide _builder_version=\u00bb4.27.0&#8243; _module_preset=\u00bbdefault\u00bb background_enable_color=\u00bboff\u00bb use_background_color_gradient=\u00bbon\u00bb background_color_gradient_stops=\u00bbrgba(71,71,71,0.24) 0%|rgba(71,71,71,0.26) 100%\u00bb background_image=\u00bbhttps:\/\/focusmediabcn.cat\/es\/wp-content\/uploads\/sites\/3\/2024\/08\/Focus-Media-Barcelona-agencia-de-produccio-audiovisual.jpg\u00bb background_enable_image=\u00bbon\u00bb background_blend=\u00bboverlay\u00bb global_colors_info=\u00bb{}\u00bb sticky_transition=\u00bbon\u00bb][\/et_pb_slide][et_pb_slide _builder_version=\u00bb4.27.0&#8243; _module_preset=\u00bbdefault\u00bb background_enable_color=\u00bboff\u00bb use_background_color_gradient=\u00bbon\u00bb background_color_gradient_stops=\u00bbrgba(71,71,71,0.24) 0%|rgba(71,71,71,0.26) 100%\u00bb background_image=\u00bbhttps:\/\/focusmediabcn.cat\/es\/wp-content\/uploads\/sites\/3\/2024\/08\/Focus-Media-Barcelona-serveis-audiovisuals.jpg\u00bb background_enable_image=\u00bbon\u00bb background_blend=\u00bboverlay\u00bb global_colors_info=\u00bb{}\u00bb sticky_transition=\u00bbon\u00bb][\/et_pb_slide][et_pb_slide _builder_version=\u00bb4.27.0&#8243; _module_preset=\u00bbdefault\u00bb background_enable_color=\u00bboff\u00bb use_background_color_gradient=\u00bbon\u00bb background_color_gradient_stops=\u00bbrgba(71,71,71,0.24) 0%|rgba(71,71,71,0.26) 100%\u00bb background_image=\u00bbhttps:\/\/focusmediabcn.cat\/es\/wp-content\/uploads\/sites\/3\/2024\/08\/Focus-Media-Barcelona-esdeveniments-corporatius.jpg\u00bb background_enable_image=\u00bbon\u00bb background_blend=\u00bboverlay\u00bb global_colors_info=\u00bb{}\u00bb sticky_transition=\u00bbon\u00bb][\/et_pb_slide][et_pb_slide _builder_version=\u00bb4.27.0&#8243; _module_preset=\u00bbdefault\u00bb background_enable_color=\u00bboff\u00bb use_background_color_gradient=\u00bbon\u00bb background_color_gradient_stops=\u00bbrgba(71,71,71,0.24) 0%|rgba(71,71,71,0.26) 100%\u00bb background_image=\u00bbhttps:\/\/focusmediabcn.cat\/es\/wp-content\/uploads\/sites\/3\/2024\/08\/Focus-Media-Barcelona-Produccio-destands.jpg\u00bb background_enable_image=\u00bbon\u00bb background_blend=\u00bboverlay\u00bb global_colors_info=\u00bb{}\u00bb sticky_transition=\u00bbon\u00bb][\/et_pb_slide][et_pb_slide _builder_version=\u00bb4.27.0&#8243; _module_preset=\u00bbdefault\u00bb background_enable_color=\u00bboff\u00bb use_background_color_gradient=\u00bbon\u00bb background_color_gradient_stops=\u00bbrgba(71,71,71,0.24) 0%|rgba(71,71,71,0.26) 100%\u00bb background_image=\u00bbhttps:\/\/focusmediabcn.cat\/es\/wp-content\/uploads\/sites\/3\/2024\/08\/Focus-Media-Barcelona-produccio-audiovisual.jpg\u00bb background_enable_image=\u00bbon\u00bb background_blend=\u00bboverlay\u00bb global_colors_info=\u00bb{}\u00bb sticky_transition=\u00bbon\u00bb][\/et_pb_slide][\/et_pb_slider][\/et_pb_column][et_pb_column type=\u00bb1_3&#8243; _builder_version=\u00bb4.25.2&#8243; _module_preset=\u00bbdefault\u00bb background_color=\u00bbgcid-b6c4f12c-f25d-4f61-9fb1-6e96404634cd\u00bb custom_padding=\u00bb30px|30px|30px|30px|true|true\u00bb global_colors_info=\u00bb{%22gcid-b6c4f12c-f25d-4f61-9fb1-6e96404634cd%22:%91%22background_color%22%93}\u00bb][et_pb_heading title=\u00bbM\u00e1s info\u00bb _builder_version=\u00bb4.27.0&#8243; _module_preset=\u00bb32ff85c2-b1a1-4fa9-a568-3d10c28368aa\u00bb title_font=\u00bb||||||||\u00bb title_font_size=\u00bb27px\u00bb title_font_size_last_edited=\u00bboff|desktop\u00bb global_colors_info=\u00bb{}\u00bb][\/et_pb_heading][et_pb_blurb title=\u00bbTel\u00e9fono\u00bb use_icon=\u00bbon\u00bb font_icon=\u00bb&#xf10b;||fa||900&#8243; _builder_version=\u00bb4.26.0&#8243; _module_preset=\u00bb42d72c9e-f393-4e90-a4fd-54751ab144e1&#8243; header_font=\u00bb||||||||\u00bb body_font=\u00bb||||||||\u00bb locked=\u00bboff\u00bb global_colors_info=\u00bb{}\u00bb]<\/p>\n<p>+34 682 676 678<\/p>\n<p>[\/et_pb_blurb][et_pb_blurb title=\u00bbEmail\u00bb use_icon=\u00bbon\u00bb font_icon=\u00bb&#xf658;||fa||900&#8243; _builder_version=\u00bb4.26.0&#8243; _module_preset=\u00bb42d72c9e-f393-4e90-a4fd-54751ab144e1&#8243; header_font=\u00bb||||||||\u00bb body_font=\u00bb||||||||\u00bb locked=\u00bboff\u00bb global_colors_info=\u00bb{}\u00bb]<\/p>\n<p><a href=\"mailto:info@focusmediabcn.cat\">info@focusmediabcn.cat<\/a><\/p>\n<p>[\/et_pb_blurb][\/et_pb_column][\/et_pb_row][\/et_pb_section]<\/p>\n","protected":false},"excerpt":{"rendered":"<p>Con m\u00e1s de 15 a\u00f1os de experiencia en el sector de la producci\u00f3n de audiovisuales y espect\u00e1culos, nos hemos destacado por nuestra capacidad de crear dise\u00f1os innovadores, ofrecer soluciones efectivas y proporcionar experiencias satisfactorias tanto para nuestros clientes como para su p\u00fablico objetivo .Tecnolog\u00eda de vanguardia y conocimientos especializados al servicio de las agencias, productoras, [&hellip;]<\/p>\n","protected":false},"author":1,"featured_media":10715,"parent":0,"menu_order":0,"comment_status":"closed","ping_status":"closed","template":"","meta":{"_et_pb_use_builder":"on","_et_pb_old_content":"","_et_gb_content_width":"","footnotes":""},"class_list":["post-9183","page","type-page","status-publish","has-post-thumbnail","hentry"],"_links":{"self":[{"href":"https:\/\/focusmediabcn.cat\/es\/wp-json\/wp\/v2\/pages\/9183","targetHints":{"allow":["GET"]}}],"collection":[{"href":"https:\/\/focusmediabcn.cat\/es\/wp-json\/wp\/v2\/pages"}],"about":[{"href":"https:\/\/focusmediabcn.cat\/es\/wp-json\/wp\/v2\/types\/page"}],"author":[{"embeddable":true,"href":"https:\/\/focusmediabcn.cat\/es\/wp-json\/wp\/v2\/users\/1"}],"replies":[{"embeddable":true,"href":"https:\/\/focusmediabcn.cat\/es\/wp-json\/wp\/v2\/comments?post=9183"}],"version-history":[{"count":0,"href":"https:\/\/focusmediabcn.cat\/es\/wp-json\/wp\/v2\/pages\/9183\/revisions"}],"wp:featuredmedia":[{"embeddable":true,"href":"https:\/\/focusmediabcn.cat\/es\/wp-json\/"}],"wp:attachment":[{"href":"https:\/\/focusmediabcn.cat\/es\/wp-json\/wp\/v2\/media?parent=9183"}],"curies":[{"name":"wp","href":"https:\/\/api.w.org\/{rel}","templated":true}]}}