{"id":9155,"date":"2024-08-28T23:04:40","date_gmt":"2024-08-28T21:04:40","guid":{"rendered":"https:\/\/focusmediabcn.cat\/es\/?page_id=9155"},"modified":"2025-02-08T09:48:00","modified_gmt":"2025-02-08T07:48:00","slug":"grabacion-y-produccion-de-sonido","status":"publish","type":"page","link":"https:\/\/focusmediabcn.cat\/es\/grabacion-y-produccion-de-sonido\/","title":{"rendered":"Grabaci\u00f3n y producci\u00f3n de sonido"},"content":{"rendered":"\n[et_pb_section fb_built=\u00bb1&#8243; fullwidth=\u00bbon\u00bb _builder_version=\u00bb4.27.0&#8243; _module_preset=\u00bbdefault\u00bb locked=\u00bboff\u00bb global_colors_info=\u00bb{}\u00bb][et_pb_fullwidth_slider show_pagination=\u00bboff\u00bb arrows_custom_color=\u00bbrgba(255,255,255,0.59)\u00bb _builder_version=\u00bb4.27.0&#8243; _module_preset=\u00bbdefault\u00bb header_level=\u00bbh3&#8243; header_font=\u00bb||||||||\u00bb header_font_size=\u00bb77px\u00bb custom_padding=\u00bb17%||17%||true|false\u00bb custom_padding_tablet=\u00bb17%||17%||true|false\u00bb custom_padding_phone=\u00bb23%||23%||true|false\u00bb custom_padding_last_edited=\u00bbon|desktop\u00bb header_font_size_tablet=\u00bb57px\u00bb header_font_size_phone=\u00bb37px\u00bb header_font_size_last_edited=\u00bbon|desktop\u00bb global_colors_info=\u00bb{}\u00bb][et_pb_slide heading=\u00bbGrabaci\u00f3n y producci\u00f3n de sonido\u00bb _builder_version=\u00bb4.27.0&#8243; _module_preset=\u00bbdefault\u00bb header_level=\u00bbh3&#8243; background_enable_color=\u00bboff\u00bb use_background_color_gradient=\u00bbon\u00bb background_color_gradient_stops=\u00bbrgba(28,28,28,0) 0%|rgba(28, 28, 28, 0.19) 67%|#1c1c1c 100%\u00bb background_image=\u00bbhttps:\/\/focusmediabcn.cat\/es\/wp-content\/uploads\/sites\/3\/2024\/08\/Estudio-de-grabacion-y-postproduccion-de-donido-1.jpg\u00bb background_enable_image=\u00bbon\u00bb background_blend=\u00bbmultiply\u00bb global_colors_info=\u00bb{}\u00bb sticky_transition=\u00bbon\u00bb][\/et_pb_slide][et_pb_slide heading=\u00bbAudio Branding\u00bb _builder_version=\u00bb4.27.0&#8243; _module_preset=\u00bbdefault\u00bb header_level=\u00bbh3&#8243; background_enable_color=\u00bboff\u00bb use_background_color_gradient=\u00bbon\u00bb background_color_gradient_stops=\u00bbrgba(28,28,28,0) 0%|rgba(28, 28, 28, 0.19) 67%|#1c1c1c 100%\u00bb background_image=\u00bbhttps:\/\/focusmediabcn.cat\/es\/wp-content\/uploads\/sites\/3\/2024\/08\/Monitor-Adam-estudio-de-grabacion.jpg\u00bb background_enable_image=\u00bbon\u00bb background_blend=\u00bbmultiply\u00bb global_colors_info=\u00bb{}\u00bb sticky_transition=\u00bbon\u00bb][\/et_pb_slide][et_pb_slide heading=\u00bbPublicidad\u00bb _builder_version=\u00bb4.27.0&#8243; _module_preset=\u00bbdefault\u00bb header_level=\u00bbh3&#8243; background_enable_color=\u00bboff\u00bb use_background_color_gradient=\u00bbon\u00bb background_color_gradient_stops=\u00bbrgba(28,28,28,0) 0%|rgba(28, 28, 28, 0.19) 57%|#1c1c1c 90%\u00bb background_image=\u00bbhttps:\/\/focusmediabcn.cat\/es\/wp-content\/uploads\/sites\/3\/2024\/08\/Captura-mini-spot-sound-design.jpg\u00bb background_enable_image=\u00bbon\u00bb background_blend=\u00bbmultiply\u00bb global_colors_info=\u00bb{}\u00bb sticky_transition=\u00bbon\u00bb][\/et_pb_slide][et_pb_slide heading=\u00bbTV\u00bb _builder_version=\u00bb4.27.0&#8243; _module_preset=\u00bbdefault\u00bb header_level=\u00bbh3&#8243; background_image=\u00bbhttps:\/\/focusmediabcn.cat\/es\/wp-content\/uploads\/sites\/3\/2024\/08\/captura-de-plano-documenta-afers-exteriors-produccion-audiovisual-2.jpg\u00bb background_enable_image=\u00bbon\u00bb global_colors_info=\u00bb{}\u00bb sticky_transition=\u00bbon\u00bb][\/et_pb_slide][et_pb_slide heading=\u00bbDigital\u00bb _builder_version=\u00bb4.27.0&#8243; _module_preset=\u00bbdefault\u00bb header_level=\u00bbh3&#8243; background_enable_color=\u00bboff\u00bb use_background_color_gradient=\u00bbon\u00bb background_color_gradient_stops=\u00bbrgba(28,28,28,0) 0%|rgba(28, 28, 28, 0.19) 67%|#1c1c1c 100%\u00bb background_image=\u00bbhttps:\/\/focusmediabcn.cat\/es\/wp-content\/uploads\/sites\/3\/2024\/08\/produccion-de-video-animacion-edicion-produccion-audiovisual-1.jpg\u00bb background_enable_image=\u00bbon\u00bb background_blend=\u00bbmultiply\u00bb header_font_size_tablet=\u00bb\u00bb header_font_size_phone=\u00bb\u00bb header_font_size_last_edited=\u00bbon|phone\u00bb global_colors_info=\u00bb{}\u00bb sticky_transition=\u00bbon\u00bb][\/et_pb_slide][\/et_pb_fullwidth_slider][\/et_pb_section][et_pb_section fb_built=\u00bb1&#8243; admin_label=\u00bbHero\u00bb _builder_version=\u00bb4.27.0&#8243; _module_preset=\u00bbdefault\u00bb background_color=\u00bb#1c1c1c\u00bb custom_padding=\u00bb7%|0px|7%|0px|true|false\u00bb global_colors_info=\u00bb{}\u00bb][et_pb_row _builder_version=\u00bb4.25.2&#8243; _module_preset=\u00bb8ea58887-aa1f-4e9e-a291-4a3e5e81cc1e\u00bb custom_padding=\u00bb||0px|||\u00bb global_colors_info=\u00bb{}\u00bb][et_pb_column type=\u00bb4_4&#8243; _builder_version=\u00bb4.25.2&#8243; _module_preset=\u00bbdefault\u00bb global_colors_info=\u00bb{}\u00bb][et_pb_heading title=\u00bbFOCUS MEDIA STUDIO\u00bb _builder_version=\u00bb4.27.0&#8243; _module_preset=\u00bb963b2c72-560e-4052-8bbd-7f3e16a90a99&#8243; title_level=\u00bbh3&#8243; title_font=\u00bbUxumGrotesque-Medium|||on|||||\u00bb title_text_color=\u00bb#FFFFFF\u00bb title_font_size=\u00bb14px\u00bb title_font_size_tablet=\u00bb37px\u00bb title_font_size_phone=\u00bb27px\u00bb title_font_size_last_edited=\u00bboff|desktop\u00bb locked=\u00bboff\u00bb global_colors_info=\u00bb{}\u00bb][\/et_pb_heading][et_pb_text _builder_version=\u00bb4.27.0&#8243; _module_preset=\u00bb086a3a6e-27c9-4eef-b542-04b9542948f9&#8243; header_font=\u00bbUxumGrotesque-Bold||||||||\u00bb header_text_color=\u00bb#FFFFFF\u00bb header_font_size=\u00bb77px\u00bb header_2_font=\u00bb|700|||||||\u00bb header_2_text_align=\u00bbleft\u00bb header_2_text_color=\u00bb#1c1c1c\u00bb header_2_font_size=\u00bb77px\u00bb header_font_size_tablet=\u00bb57px\u00bb header_font_size_phone=\u00bb37px\u00bb header_font_size_last_edited=\u00bbon|phone\u00bb header_2_font_size_tablet=\u00bb57px\u00bb header_2_font_size_phone=\u00bb37px\u00bb header_2_font_size_last_edited=\u00bbon|tablet\u00bb locked=\u00bboff\u00bb global_colors_info=\u00bb{}\u00bb]<h1>Grabaci\u00f3n y producci\u00f3n de sonido<\/h1>[\/et_pb_text][\/et_pb_column][\/et_pb_row][et_pb_row column_structure=\u00bb1_2,1_2&#8243; _builder_version=\u00bb4.26.0&#8243; _module_preset=\u00bbdefault\u00bb width=\u00bb90%\u00bb max_width=\u00bb1500px\u00bb custom_padding=\u00bb|||\u00bb global_colors_info=\u00bb{}\u00bb][et_pb_column type=\u00bb1_2&#8243; _builder_version=\u00bb4.16&#8243; _module_preset=\u00bbdefault\u00bb custom_padding=\u00bb||60px|\u00bb global_colors_info=\u00bb{}\u00bb custom_padding__hover=\u00bb|||\u00bb][et_pb_text _builder_version=\u00bb4.27.0&#8243; _module_preset=\u00bbdefault\u00bb text_font=\u00bb||||||||\u00bb text_text_color=\u00bb#FFFFFF\u00bb text_font_size=\u00bb17px\u00bb text_line_height=\u00bb1.4em\u00bb link_text_color=\u00bb#FFFFFF\u00bb header_font=\u00bb||||||||\u00bb header_text_color=\u00bb#000000&#8243; header_font_size=\u00bb36px\u00bb header_line_height=\u00bb1.4em\u00bb header_2_text_color=\u00bb#FFFFFF\u00bb header_2_font_size=\u00bb37px\u00bb background_layout=\u00bbdark\u00bb max_width=\u00bb550px\u00bb hover_enabled=\u00bb0&#8243; header_2_font_size_tablet=\u00bb27px\u00bb header_2_font_size_phone=\u00bb23px\u00bb header_2_font_size_last_edited=\u00bbon|phone\u00bb global_colors_info=\u00bb{}\u00bb sticky_enabled=\u00bb0&#8243;]<h2>Estrategas del sonido y la identidad sonora de marcas<\/h2>\n<p>Especialistas en audio branding y estrategia en la identidad sonora. Dise\u00f1amos y producimos experiencias sonoras excepcionales que van desde la conceptualizaci\u00f3n inicial hasta la postproducci\u00f3n final. Con una trayectoria consolidada en el campo del audio branding, ofrecemos soluciones auditivas de m\u00e1xima calidad que profundizan en la conexi\u00f3n emocional.<\/p>[\/et_pb_text][\/et_pb_column][et_pb_column type=\u00bb1_2&#8243; _builder_version=\u00bb4.16&#8243; _module_preset=\u00bbdefault\u00bb custom_padding=\u00bb|||\u00bb global_colors_info=\u00bb{}\u00bb custom_padding__hover=\u00bb|||\u00bb][et_pb_image src=\u00bbhttps:\/\/focusmediabcn.cat\/es\/wp-content\/uploads\/sites\/3\/2024\/08\/pantalla-y-monitor-de-estudio-de-grabacion-02.jpg\u00bb alt=\u00bbGravaci\u00f3 i producci\u00f3 de so\u00bb show_bottom_space=\u00bboff\u00bb force_fullwidth=\u00bbon\u00bb align_tablet=\u00bbcenter\u00bb align_phone=\u00bbcenter\u00bb align_last_edited=\u00bbon|desktop\u00bb _builder_version=\u00bb4.27.0&#8243; _module_preset=\u00bbdefault\u00bb animation_style=\u00bbslide\u00bb animation_direction=\u00bbleft\u00bb animation_intensity_slide=\u00bb10%\u00bb global_colors_info=\u00bb{}\u00bb][\/et_pb_image][\/et_pb_column][\/et_pb_row][\/et_pb_section][et_pb_section fb_built=\u00bb1&#8243; admin_label=\u00bbServices-01&#8243; _builder_version=\u00bb4.26.0&#8243; _module_preset=\u00bbdefault\u00bb background_color=\u00bbgcid-b6c4f12c-f25d-4f61-9fb1-6e96404634cd\u00bb custom_padding=\u00bb3%||3%||true|false\u00bb locked=\u00bboff\u00bb global_colors_info=\u00bb{%22gcid-b6c4f12c-f25d-4f61-9fb1-6e96404634cd%22:%91%22background_color%22,%22background_color%22%93}\u00bb][et_pb_row column_structure=\u00bb1_2,1_2&#8243; _builder_version=\u00bb4.25.2&#8243; _module_preset=\u00bb1ea31e6c-8733-4ea9-9338-135c169bc82b\u00bb global_colors_info=\u00bb{}\u00bb][et_pb_column type=\u00bb1_2&#8243; _builder_version=\u00bb4.25.2&#8243; _module_preset=\u00bbdefault\u00bb global_colors_info=\u00bb{}\u00bb][et_pb_text _builder_version=\u00bb4.27.0&#8243; _module_preset=\u00bbdefault\u00bb header_6_text_color=\u00bbrgba(143,143,143,0.5)\u00bb header_6_font_size=\u00bb197px\u00bb custom_margin=\u00bb||-13%||false|false\u00bb custom_margin_tablet=\u00bb||-9%||false|false\u00bb custom_margin_phone=\u00bb||-15%||false|false\u00bb custom_margin_last_edited=\u00bbon|tablet\u00bb animation_style=\u00bbfade\u00bb header_6_font_size_tablet=\u00bb167px\u00bb header_6_font_size_phone=\u00bb157px\u00bb header_6_font_size_last_edited=\u00bbon|phone\u00bb global_colors_info=\u00bb{}\u00bb]<h6>01<\/h6>[\/et_pb_text][et_pb_heading title=\u00bbGrabaci\u00f3n\u00bb _builder_version=\u00bb4.27.0&#8243; _module_preset=\u00bb963b2c72-560e-4052-8bbd-7f3e16a90a99&#8243; title_font=\u00bb||||||||\u00bb title_font_size=\u00bb47px\u00bb title_font_size_tablet=\u00bb37px\u00bb title_font_size_phone=\u00bb27px\u00bb global_colors_info=\u00bb{}\u00bb][\/et_pb_heading][\/et_pb_column][et_pb_column type=\u00bb1_2&#8243; _builder_version=\u00bb4.25.2&#8243; _module_preset=\u00bbdefault\u00bb global_colors_info=\u00bb{}\u00bb][et_pb_text _builder_version=\u00bb4.27.0&#8243; _module_preset=\u00bbdefault\u00bb text_font=\u00bb||||||||\u00bb text_text_color=\u00bb#000000&#8243; text_font_size=\u00bb17px\u00bb text_line_height=\u00bb1.4em\u00bb header_font=\u00bb||||||||\u00bb background_size=\u00bbinitial\u00bb background_position=\u00bbtop_left\u00bb background_repeat=\u00bbrepeat\u00bb custom_margin=\u00bb||50px|\u00bb custom_padding=\u00bb7%||||false|false\u00bb custom_padding_tablet=\u00bb0%||||false|false\u00bb custom_padding_phone=\u00bb0%||||false|false\u00bb custom_padding_last_edited=\u00bbon|tablet\u00bb animation_style=\u00bbslide\u00bb animation_direction=\u00bbtop\u00bb animation_intensity_slide=\u00bb17%\u00bb locked=\u00bboff\u00bb global_colors_info=\u00bb{}\u00bb]<p>Grabaci\u00f3n de sonido, voces profesionales y actores de doblaje en todos los idiomas, adaptados a cualquier tipo de producci\u00f3n audiovisual: publicidad, televisi\u00f3n, cine, documentales, locuciones corporativas, multimedia, realidad aumentada y redes sociales. Realizamos grabaciones con conexi\u00f3n remota o presencial, garantizando la m\u00e1xima calidad en cada proyecto.<\/p>[\/et_pb_text][\/et_pb_column][\/et_pb_row][\/et_pb_section][et_pb_section fb_built=\u00bb1&#8243; admin_label=\u00bbServices-01&#8243; _builder_version=\u00bb4.26.0&#8243; _module_preset=\u00bbdefault\u00bb background_color=\u00bbgcid-b6c4f12c-f25d-4f61-9fb1-6e96404634cd\u00bb custom_padding=\u00bb3%||3%||true|false\u00bb locked=\u00bboff\u00bb global_colors_info=\u00bb{%22gcid-b6c4f12c-f25d-4f61-9fb1-6e96404634cd%22:%91%22background_color%22,%22background_color%22%93}\u00bb][et_pb_row column_structure=\u00bb1_2,1_2&#8243; _builder_version=\u00bb4.25.2&#8243; _module_preset=\u00bb1ea31e6c-8733-4ea9-9338-135c169bc82b\u00bb global_colors_info=\u00bb{}\u00bb][et_pb_column type=\u00bb1_2&#8243; _builder_version=\u00bb4.25.2&#8243; _module_preset=\u00bbdefault\u00bb global_colors_info=\u00bb{}\u00bb][et_pb_text _builder_version=\u00bb4.27.0&#8243; _module_preset=\u00bbdefault\u00bb header_6_text_color=\u00bbrgba(143,143,143,0.5)\u00bb header_6_font_size=\u00bb197px\u00bb custom_margin=\u00bb||-13%||false|false\u00bb custom_margin_tablet=\u00bb||-9%||false|false\u00bb custom_margin_phone=\u00bb||-15%||false|false\u00bb custom_margin_last_edited=\u00bbon|tablet\u00bb animation_style=\u00bbfade\u00bb header_6_font_size_tablet=\u00bb167px\u00bb header_6_font_size_phone=\u00bb157px\u00bb header_6_font_size_last_edited=\u00bbon|phone\u00bb global_colors_info=\u00bb{}\u00bb]<h6>02<\/h6>[\/et_pb_text][et_pb_heading title=\u00bbDise\u00f1o de sonido\u00bb _builder_version=\u00bb4.27.0&#8243; _module_preset=\u00bb963b2c72-560e-4052-8bbd-7f3e16a90a99&#8243; title_font=\u00bb||||||||\u00bb title_font_size=\u00bb47px\u00bb title_font_size_tablet=\u00bb37px\u00bb title_font_size_phone=\u00bb27px\u00bb global_colors_info=\u00bb{}\u00bb][\/et_pb_heading][\/et_pb_column][et_pb_column type=\u00bb1_2&#8243; _builder_version=\u00bb4.25.2&#8243; _module_preset=\u00bbdefault\u00bb global_colors_info=\u00bb{}\u00bb][et_pb_text _builder_version=\u00bb4.27.0&#8243; _module_preset=\u00bbdefault\u00bb text_font=\u00bb||||||||\u00bb text_text_color=\u00bb#000000&#8243; text_font_size=\u00bb17px\u00bb text_line_height=\u00bb1.4em\u00bb header_font=\u00bb||||||||\u00bb background_size=\u00bbinitial\u00bb background_position=\u00bbtop_left\u00bb background_repeat=\u00bbrepeat\u00bb custom_margin=\u00bb||50px|\u00bb custom_padding=\u00bb7%||||false|false\u00bb custom_padding_tablet=\u00bb0%||||false|false\u00bb custom_padding_phone=\u00bb0%||||false|false\u00bb custom_padding_last_edited=\u00bbon|tablet\u00bb animation_style=\u00bbslide\u00bb animation_direction=\u00bbtop\u00bb animation_intensity_slide=\u00bb17%\u00bb locked=\u00bboff\u00bb global_colors_info=\u00bb{}\u00bb]<p>Servicios completos y diferenciales de dise\u00f1o sonoro, desde la conceptualizaci\u00f3n hasta la grabaci\u00f3n y producci\u00f3n de <em>foley<\/em>. T\u00e9cnicas avanzadas de audio branding, creamos identidades sonoras que refuerzan la presencia de tu marca y mejoran la experiencia auditiva de tu p\u00fablico.<\/p>[\/et_pb_text][\/et_pb_column][\/et_pb_row][\/et_pb_section][et_pb_section fb_built=\u00bb1&#8243; admin_label=\u00bbServices-01&#8243; _builder_version=\u00bb4.26.0&#8243; _module_preset=\u00bbdefault\u00bb background_color=\u00bbgcid-b6c4f12c-f25d-4f61-9fb1-6e96404634cd\u00bb custom_padding=\u00bb3%||3%||true|false\u00bb locked=\u00bboff\u00bb global_colors_info=\u00bb{%22gcid-b6c4f12c-f25d-4f61-9fb1-6e96404634cd%22:%91%22background_color%22,%22background_color%22%93}\u00bb][et_pb_row column_structure=\u00bb1_2,1_2&#8243; _builder_version=\u00bb4.25.2&#8243; _module_preset=\u00bb1ea31e6c-8733-4ea9-9338-135c169bc82b\u00bb global_colors_info=\u00bb{}\u00bb][et_pb_column type=\u00bb1_2&#8243; _builder_version=\u00bb4.25.2&#8243; _module_preset=\u00bbdefault\u00bb global_colors_info=\u00bb{}\u00bb][et_pb_text _builder_version=\u00bb4.27.0&#8243; _module_preset=\u00bbdefault\u00bb header_6_text_color=\u00bbrgba(143,143,143,0.5)\u00bb header_6_font_size=\u00bb197px\u00bb custom_margin=\u00bb||-13%||false|false\u00bb custom_margin_tablet=\u00bb||-9%||false|false\u00bb custom_margin_phone=\u00bb||-15%||false|false\u00bb custom_margin_last_edited=\u00bbon|tablet\u00bb animation_style=\u00bbfade\u00bb header_6_font_size_tablet=\u00bb167px\u00bb header_6_font_size_phone=\u00bb157px\u00bb header_6_font_size_last_edited=\u00bbon|phone\u00bb global_colors_info=\u00bb{}\u00bb]<h6>03<\/h6>[\/et_pb_text][et_pb_heading title=\u00bbMezcla y postproducci\u00f3n\u00bb _builder_version=\u00bb4.27.0&#8243; _module_preset=\u00bb963b2c72-560e-4052-8bbd-7f3e16a90a99&#8243; title_font=\u00bb||||||||\u00bb title_font_size=\u00bb47px\u00bb title_font_size_tablet=\u00bb37px\u00bb title_font_size_phone=\u00bb27px\u00bb global_colors_info=\u00bb{}\u00bb][\/et_pb_heading][\/et_pb_column][et_pb_column type=\u00bb1_2&#8243; _builder_version=\u00bb4.25.2&#8243; _module_preset=\u00bbdefault\u00bb global_colors_info=\u00bb{}\u00bb][et_pb_text _builder_version=\u00bb4.27.0&#8243; _module_preset=\u00bbdefault\u00bb text_font=\u00bb||||||||\u00bb text_text_color=\u00bb#000000&#8243; text_font_size=\u00bb17px\u00bb text_line_height=\u00bb1.4em\u00bb header_font=\u00bb||||||||\u00bb background_size=\u00bbinitial\u00bb background_position=\u00bbtop_left\u00bb background_repeat=\u00bbrepeat\u00bb custom_margin=\u00bb||50px|\u00bb custom_padding=\u00bb7%||||false|false\u00bb custom_padding_tablet=\u00bb0%||||false|false\u00bb custom_padding_phone=\u00bb0%||||false|false\u00bb custom_padding_last_edited=\u00bbon|tablet\u00bb animation_style=\u00bbslide\u00bb animation_direction=\u00bbtop\u00bb animation_intensity_slide=\u00bb17%\u00bb locked=\u00bboff\u00bb global_colors_info=\u00bb{}\u00bb]<p>Nuestro servicio de postproducci\u00f3n sonora cubre todas las necesidades de tu proyecto, desde el audiovisual y la publicidad, hasta contenidos interactivos y realidad aumentada. Ofrecemos mezcla en est\u00e9reo y surround, asegurando una calidad sonora excepcional y una experiencia inmersiva en cada producci\u00f3n.<\/p>[\/et_pb_text][\/et_pb_column][\/et_pb_row][\/et_pb_section][et_pb_section fb_built=\u00bb1&#8243; admin_label=\u00bbCall to Action\u00bb _builder_version=\u00bb4.27.0&#8243; _module_preset=\u00bb5613dd46-7dc6-41d9-bf62-8d61b63e8ccc\u00bb background_color=\u00bb#000000&#8243; use_background_color_gradient=\u00bbon\u00bb background_color_gradient_stops=\u00bb#1c1c1c 0%|rgba(28,28,28,0.27) 27%|rgba(28, 28, 28, 0.48) 73%|#1c1c1c 100%\u00bb background_image=\u00bbhttps:\/\/focusmediabcn.cat\/es\/wp-content\/uploads\/sites\/3\/2024\/08\/produccion-de-sonido-para-contenidos-corporativos.jpg\u00bb background_blend=\u00bboverlay\u00bb custom_margin=\u00bb||||false\u00bb custom_padding=\u00bb7%||7%||true|false\u00bb locked=\u00bboff\u00bb collapsed=\u00bbon\u00bb global_colors_info=\u00bb{%22gcid-16f2e3f0-fa73-41d9-9389-b8ed3255b5cc%22:%91%22background_color%22%93}\u00bb][et_pb_row _builder_version=\u00bb4.26.0&#8243; _module_preset=\u00bbdefault\u00bb custom_padding=\u00bb1%||1%||true|false\u00bb global_colors_info=\u00bb{}\u00bb][et_pb_column type=\u00bb4_4&#8243; _builder_version=\u00bb4.25.1&#8243; _module_preset=\u00bbdefault\u00bb global_colors_info=\u00bb{}\u00bb][et_pb_heading title=\u00bbProducci\u00f3n audiovisual\u00bb _builder_version=\u00bb4.27.2&#8243; _module_preset=\u00bb963b2c72-560e-4052-8bbd-7f3e16a90a99&#8243; title_level=\u00bbh3&#8243; title_font=\u00bbUxumGrotesque-Medium|||on|||||\u00bb title_text_color=\u00bb#FFFFFF\u00bb title_font_size=\u00bb14px\u00bb title_font_size_tablet=\u00bb37px\u00bb title_font_size_phone=\u00bb27px\u00bb title_font_size_last_edited=\u00bboff|desktop\u00bb locked=\u00bboff\u00bb global_colors_info=\u00bb{}\u00bb][\/et_pb_heading][et_pb_text _builder_version=\u00bb4.27.2&#8243; _module_preset=\u00bb086a3a6e-27c9-4eef-b542-04b9542948f9&#8243; header_font=\u00bb|300||on|||||\u00bb header_font_size=\u00bb10vw\u00bb header_2_font=\u00bbUxumGrotesque-Medium||||||||\u00bb header_2_text_color=\u00bb#FFFFFF\u00bb header_2_font_size=\u00bb7vw\u00bb custom_padding=\u00bb||3%||false|false\u00bb link_option_url=\u00bbhttps:\/\/focusmediabcn.cat\/es\/grabacion-y-edicion-de-video\/\u00bb locked=\u00bboff\u00bb global_colors_info=\u00bb{}\u00bb]<h2>Grabaci\u00f3n y edici\u00f3n de v\u00eddeo<\/h2>[\/et_pb_text][et_pb_heading title=\u00bbTrabajamos estrechamente con expertos en marketing para incrementar la comunicaci\u00f3n visual y capturar la esencia de su marca\u00bb _builder_version=\u00bb4.27.0&#8243; _module_preset=\u00bb3664f194-b9ae-48bd-9af0-24a425bba2e0&#8243; title_font=\u00bbUxumGrotesque-Regular|500|||||||\u00bb title_text_align=\u00bbcenter\u00bb title_text_color=\u00bb#FFFFFF\u00bb title_font_size=\u00bb37px\u00bb scroll_fade_enable=\u00bbon\u00bb scroll_blur_enable=\u00bbon\u00bb title_font_size_tablet=\u00bb27px\u00bb title_font_size_phone=\u00bb27px\u00bb title_font_size_last_edited=\u00bbon|tablet\u00bb global_colors_info=\u00bb{}\u00bb][\/et_pb_heading][et_pb_button button_url=\u00bbhttps:\/\/focusmediabcn.cat\/es\/grabacion-y-edicion-de-video\/\u00bb button_text=\u00bbVer m\u00e1s\u00bb button_alignment=\u00bbcenter\u00bb _builder_version=\u00bb4.27.2&#8243; _module_preset=\u00bbe1e0106d-9ef1-416f-8201-cf8597c88204&#8243; button_text_size=\u00bb17px\u00bb button_text_color=\u00bb#FFFFFF\u00bb button_bg_color=\u00bbRGBA(255,255,255,0)\u00bb button_font=\u00bbUxumGrotesque-Light|600|||||||\u00bb button_text_size_tablet=\u00bb15px\u00bb button_text_size_phone=\u00bb15px\u00bb button_text_size_last_edited=\u00bbon|phone\u00bb locked=\u00bboff\u00bb][\/et_pb_button][\/et_pb_column][\/et_pb_row][\/et_pb_section]\n","protected":false},"excerpt":{"rendered":"<p>Grabaci\u00f3n y producci\u00f3n de sonidoEstrategas del sonido y la identidad sonora de marcas Especialistas en audio branding y estrategia en la identidad sonora. Dise\u00f1amos y producimos experiencias sonoras excepcionales que van desde la conceptualizaci\u00f3n inicial hasta la postproducci\u00f3n final. Con una trayectoria consolidada en el campo del audio branding, ofrecemos soluciones auditivas de m\u00e1xima calidad [&hellip;]<\/p>\n","protected":false},"author":1,"featured_media":10720,"parent":0,"menu_order":0,"comment_status":"closed","ping_status":"closed","template":"","meta":{"_et_pb_use_builder":"on","_et_pb_old_content":"","_et_gb_content_width":"","footnotes":""},"class_list":["post-9155","page","type-page","status-publish","has-post-thumbnail","hentry"],"_links":{"self":[{"href":"https:\/\/focusmediabcn.cat\/es\/wp-json\/wp\/v2\/pages\/9155","targetHints":{"allow":["GET"]}}],"collection":[{"href":"https:\/\/focusmediabcn.cat\/es\/wp-json\/wp\/v2\/pages"}],"about":[{"href":"https:\/\/focusmediabcn.cat\/es\/wp-json\/wp\/v2\/types\/page"}],"author":[{"embeddable":true,"href":"https:\/\/focusmediabcn.cat\/es\/wp-json\/wp\/v2\/users\/1"}],"replies":[{"embeddable":true,"href":"https:\/\/focusmediabcn.cat\/es\/wp-json\/wp\/v2\/comments?post=9155"}],"version-history":[{"count":0,"href":"https:\/\/focusmediabcn.cat\/es\/wp-json\/wp\/v2\/pages\/9155\/revisions"}],"wp:featuredmedia":[{"embeddable":true,"href":"https:\/\/focusmediabcn.cat\/es\/wp-json\/"}],"wp:attachment":[{"href":"https:\/\/focusmediabcn.cat\/es\/wp-json\/wp\/v2\/media?parent=9155"}],"curies":[{"name":"wp","href":"https:\/\/api.w.org\/{rel}","templated":true}]}}