{"id":13,"date":"2024-08-30T13:17:45","date_gmt":"2024-08-30T11:17:45","guid":{"rendered":"https:\/\/focusmediabcn.cat\/en\/?page_id=13"},"modified":"2025-05-11T21:39:03","modified_gmt":"2025-05-11T19:39:03","slug":"contact","status":"publish","type":"page","link":"https:\/\/focusmediabcn.cat\/en\/contact\/","title":{"rendered":"Contact"},"content":{"rendered":"<p>[et_pb_section fb_built=&#8221;1&#8243; admin_label=&#8221;Call to Action&#8221; _builder_version=&#8221;4.26.0&#8243; _module_preset=&#8221;f68b7843-8f53-4ea5-b62d-0e5e84119fc9&#8243; background_color=&#8221;#dddddd&#8221; background_enable_image=&#8221;off&#8221; parallax=&#8221;on&#8221; custom_margin=&#8221;||||false&#8221; custom_padding=&#8221;7%||7%||true|false&#8221; locked=&#8221;off&#8221; collapsed=&#8221;on&#8221; global_colors_info=&#8221;{%22gcid-2352d280-fe84-43b1-a71e-f400c35a526a%22:%91%22background_color_gradient_stops%22,%22background_color_gradient_stops%22%93}&#8221;][et_pb_row column_structure=&#8221;3_4,1_4&#8243; disabled_on=&#8221;off|off|off&#8221; _builder_version=&#8221;4.26.0&#8243; _module_preset=&#8221;default&#8221; global_colors_info=&#8221;{}&#8221;][et_pb_column type=&#8221;3_4&#8243; _builder_version=&#8221;4.25.1&#8243; _module_preset=&#8221;default&#8221; global_colors_info=&#8221;{}&#8221;][et_pb_text _builder_version=&#8221;4.27.0&#8243; _module_preset=&#8221;default&#8221; header_3_font=&#8221;UxumGrotesque-Light|500|||||||&#8221; header_3_text_color=&#8221;#000000&#8243; header_3_font_size=&#8221;37px&#8221; header_3_line_height=&#8221;1.2em&#8221; custom_margin=&#8221;|0px||0px|false|false&#8221; custom_padding=&#8221;1%||0px||false|false&#8221; scroll_fade_enable=&#8221;on&#8221; scroll_blur_enable=&#8221;on&#8221; header_3_font_size_tablet=&#8221;27px&#8221; header_3_font_size_phone=&#8221;21px&#8221; header_3_font_size_last_edited=&#8221;on|phone&#8221; locked=&#8221;off&#8221; global_colors_info=&#8221;{}&#8221; title_font_size_tablet=&#8221;27px&#8221; title_font_size_phone=&#8221;21px&#8221; title_font_size_last_edited=&#8221;on|phone&#8221;]<\/p>\n<h3>Amb m\u00e9s de 15 anys d\u2019experi\u00e8ncia en el sector de la producci\u00f3 d\u2019audiovisuals i espectacles, ens hem destacat per la nostra capacitat de crear dissenys innovadors, oferir solucions efectives i proporcionar experi\u00e8ncies satisfact\u00f2ries tant per als nostres clients com per al seu p\u00fablic objectiu.<\/h3>\n<p>[\/et_pb_text][\/et_pb_column][et_pb_column type=&#8221;1_4&#8243; disabled_on=&#8221;on|on|off&#8221; _builder_version=&#8221;4.26.0&#8243; _module_preset=&#8221;default&#8221; global_colors_info=&#8221;{}&#8221;][\/et_pb_column][\/et_pb_row][\/et_pb_section][et_pb_section fb_built=&#8221;1&#8243; admin_label=&#8221;Call to Action&#8221; _builder_version=&#8221;4.26.0&#8243; _module_preset=&#8221;f68b7843-8f53-4ea5-b62d-0e5e84119fc9&#8243; background_color=&#8221;#1c1c1c&#8221; background_enable_image=&#8221;off&#8221; parallax=&#8221;on&#8221; custom_margin=&#8221;||||false&#8221; custom_padding=&#8221;7%||7%||true|false&#8221; locked=&#8221;off&#8221; collapsed=&#8221;on&#8221; global_colors_info=&#8221;{%22gcid-2352d280-fe84-43b1-a71e-f400c35a526a%22:%91%22background_color_gradient_stops%22,%22background_color_gradient_stops%22%93}&#8221;][et_pb_row disabled_on=&#8221;off|off|off&#8221; _builder_version=&#8221;4.26.0&#8243; _module_preset=&#8221;default&#8221; global_colors_info=&#8221;{}&#8221;][et_pb_column type=&#8221;4_4&#8243; _builder_version=&#8221;4.25.1&#8243; _module_preset=&#8221;default&#8221; global_colors_info=&#8221;{}&#8221;][et_pb_text _builder_version=&#8221;4.27.0&#8243; _module_preset=&#8221;default&#8221; header_2_font=&#8221;UxumGrotesque-Light|500||on|||||&#8221; header_2_text_color=&#8221;#FFFFFF&#8221; header_2_font_size=&#8221;37px&#8221; header_2_letter_spacing=&#8221;1px&#8221; header_2_line_height=&#8221;1.4em&#8221; header_3_font=&#8221;UxumGrotesque-Light|500|||||||&#8221; header_3_text_color=&#8221;#FFFFFF&#8221; header_3_font_size=&#8221;37px&#8221; header_3_line_height=&#8221;1.2em&#8221; custom_margin=&#8221;|0px||0px|false|false&#8221; custom_padding=&#8221;1%||0px||false|false&#8221; animation_style=&#8221;fade&#8221; scroll_fade_enable=&#8221;on&#8221; scroll_blur_enable=&#8221;on&#8221; header_2_font_size_tablet=&#8221;27px&#8221; header_2_font_size_phone=&#8221;21px&#8221; header_2_font_size_last_edited=&#8221;on|phone&#8221; header_3_font_size_tablet=&#8221;27px&#8221; header_3_font_size_phone=&#8221;21px&#8221; header_3_font_size_last_edited=&#8221;on|desktop&#8221; locked=&#8221;off&#8221; global_colors_info=&#8221;{}&#8221; title_font_size_tablet=&#8221;27px&#8221; title_font_size_phone=&#8221;21px&#8221; title_font_size_last_edited=&#8221;on|phone&#8221;]<\/p>\n<h2>Cutting-edge technology and expertise at the service of agencies, production companies, companies from different sectors and brands.<\/h2>\n<p>[\/et_pb_text][\/et_pb_column][\/et_pb_row][et_pb_row custom_padding_last_edited=&#8221;on|tablet&#8221; disabled_on=&#8221;off|off|off&#8221; _builder_version=&#8221;4.26.0&#8243; _module_preset=&#8221;default&#8221; custom_margin=&#8221;||||false|false&#8221; custom_padding=&#8221;|0%||27%|false|false&#8221; custom_padding_tablet=&#8221;|1%||0%|false|false&#8221; custom_padding_phone=&#8221;|1%||0%|false|false&#8221; global_colors_info=&#8221;{}&#8221;][et_pb_column type=&#8221;4_4&#8243; _builder_version=&#8221;4.26.0&#8243; _module_preset=&#8221;default&#8221; custom_padding=&#8221;|||0px|false|false&#8221; global_colors_info=&#8221;{}&#8221;][et_pb_text _builder_version=&#8221;4.26.0&#8243; _module_preset=&#8221;default&#8221; header_3_font=&#8221;UxumGrotesque-Light|500|||||||&#8221; header_3_text_color=&#8221;#FFFFFF&#8221; header_3_font_size=&#8221;37px&#8221; header_3_line_height=&#8221;1.2em&#8221; custom_margin=&#8221;|0px||0px|false|false&#8221; custom_padding=&#8221;1%||0px||false|false&#8221; animation_style=&#8221;fade&#8221; scroll_fade_enable=&#8221;on&#8221; scroll_blur_enable=&#8221;on&#8221; header_3_font_size_tablet=&#8221;27px&#8221; header_3_font_size_phone=&#8221;21px&#8221; header_3_font_size_last_edited=&#8221;on|phone&#8221; locked=&#8221;off&#8221; global_colors_info=&#8221;{}&#8221; title_font_size_tablet=&#8221;27px&#8221; title_font_size_phone=&#8221;21px&#8221; title_font_size_last_edited=&#8221;on|phone&#8221;]<\/p>\n<h3>Our experience allows us to approach each project with a focus on effectiveness, client satisfaction and brand benefit.<\/h3>\n<p>[\/et_pb_text][\/et_pb_column][\/et_pb_row][\/et_pb_section][et_pb_section fb_built=&#8221;1&#8243; admin_label=&#8221;About&#8221; _builder_version=&#8221;4.25.2&#8243; _module_preset=&#8221;default&#8221; background_color=&#8221;gcid-b6c4f12c-f25d-4f61-9fb1-6e96404634cd&#8221; locked=&#8221;off&#8221; global_colors_info=&#8221;{%22gcid-b6c4f12c-f25d-4f61-9fb1-6e96404634cd%22:%91%22background_color%22%93}&#8221;][et_pb_row column_structure=&#8221;2_3,1_3&#8243; _builder_version=&#8221;4.25.2&#8243; _module_preset=&#8221;c296230a-d90f-45ae-85af-6309b4c475b3&#8243; global_colors_info=&#8221;{}&#8221;][et_pb_column type=&#8221;2_3&#8243; _builder_version=&#8221;4.25.2&#8243; _module_preset=&#8221;default&#8221; global_colors_info=&#8221;{}&#8221;][et_pb_divider color=&#8221;rgba(0,0,0,0.2)&#8221; _builder_version=&#8221;4.25.2&#8243; _module_preset=&#8221;default&#8221; custom_margin=&#8221;||10px||false|false&#8221; locked=&#8221;off&#8221; global_colors_info=&#8221;{}&#8221;][\/et_pb_divider][et_pb_heading title=&#8221;Contact&#8221; _builder_version=&#8221;4.26.0&#8243; _module_preset=&#8221;b62465ba-9ee5-4bc8-b5f9-1976af1ee896&#8243; title_font=&#8221;||||||||&#8221; title_font_size=&#8221;47px&#8221; title_font_size_tablet=&#8221;37px&#8221; title_font_size_phone=&#8221;27px&#8221; global_colors_info=&#8221;{}&#8221;][\/et_pb_heading][\/et_pb_column][et_pb_column type=&#8221;1_3&#8243; _builder_version=&#8221;4.25.2&#8243; _module_preset=&#8221;default&#8221; background_color=&#8221;gcid-b6c4f12c-f25d-4f61-9fb1-6e96404634cd&#8221; custom_padding=&#8221;30px|30px|30px|30px|true|true&#8221; global_colors_info=&#8221;{%22gcid-b6c4f12c-f25d-4f61-9fb1-6e96404634cd%22:%91%22background_color%22%93}&#8221;][\/et_pb_column][\/et_pb_row][et_pb_row column_structure=&#8221;2_3,1_3&#8243; make_equal=&#8221;on&#8221; _builder_version=&#8221;4.25.2&#8243; _module_preset=&#8221;c296230a-d90f-45ae-85af-6309b4c475b3&#8243; locked=&#8221;off&#8221; global_colors_info=&#8221;{}&#8221;][et_pb_column type=&#8221;2_3&#8243; _builder_version=&#8221;4.25.2&#8243; _module_preset=&#8221;default&#8221; global_colors_info=&#8221;{}&#8221;][et_pb_slider _builder_version=&#8221;4.27.0&#8243; _module_preset=&#8221;default&#8221; height=&#8221;500px&#8221; height_tablet=&#8221;50vw&#8221; height_phone=&#8221;50vw&#8221; height_last_edited=&#8221;on|desktop&#8221; global_colors_info=&#8221;{}&#8221;][et_pb_slide _builder_version=&#8221;4.27.0&#8243; _module_preset=&#8221;default&#8221; background_enable_color=&#8221;off&#8221; use_background_color_gradient=&#8221;on&#8221; background_color_gradient_stops=&#8221;rgba(71,71,71,0.24) 0%|rgba(71,71,71,0.26) 100%&#8221; background_image=&#8221;https:\/\/focusmediabcn.cat\/en\/wp-content\/uploads\/sites\/5\/2024\/08\/Focus-Media-Barcelona-agencia-de-produccio-audiovisual.jpg&#8221; background_enable_image=&#8221;on&#8221; background_blend=&#8221;overlay&#8221; global_colors_info=&#8221;{}&#8221; sticky_transition=&#8221;on&#8221;][\/et_pb_slide][et_pb_slide _builder_version=&#8221;4.27.0&#8243; _module_preset=&#8221;default&#8221; background_enable_color=&#8221;off&#8221; use_background_color_gradient=&#8221;on&#8221; background_color_gradient_stops=&#8221;rgba(71,71,71,0.24) 0%|rgba(71,71,71,0.26) 100%&#8221; background_image=&#8221;https:\/\/focusmediabcn.cat\/en\/wp-content\/uploads\/sites\/5\/2024\/08\/Focus-Media-Barcelona-serveis-audiovisuals.jpg&#8221; background_enable_image=&#8221;on&#8221; background_blend=&#8221;overlay&#8221; global_colors_info=&#8221;{}&#8221; sticky_transition=&#8221;on&#8221;][\/et_pb_slide][et_pb_slide _builder_version=&#8221;4.27.0&#8243; _module_preset=&#8221;default&#8221; background_enable_color=&#8221;off&#8221; use_background_color_gradient=&#8221;on&#8221; background_color_gradient_stops=&#8221;rgba(71,71,71,0.24) 0%|rgba(71,71,71,0.26) 100%&#8221; background_image=&#8221;https:\/\/focusmediabcn.cat\/en\/wp-content\/uploads\/sites\/5\/2024\/08\/Focus-Media-Barcelona-esdeveniments-corporatius.jpg&#8221; background_enable_image=&#8221;on&#8221; background_blend=&#8221;overlay&#8221; global_colors_info=&#8221;{}&#8221; sticky_transition=&#8221;on&#8221;][\/et_pb_slide][et_pb_slide _builder_version=&#8221;4.27.0&#8243; _module_preset=&#8221;default&#8221; background_enable_color=&#8221;off&#8221; use_background_color_gradient=&#8221;on&#8221; background_color_gradient_stops=&#8221;rgba(71,71,71,0.24) 0%|rgba(71,71,71,0.26) 100%&#8221; background_image=&#8221;https:\/\/focusmediabcn.cat\/en\/wp-content\/uploads\/sites\/5\/2024\/08\/Focus-Media-Barcelona-Produccio-destands.jpg&#8221; background_enable_image=&#8221;on&#8221; background_blend=&#8221;overlay&#8221; global_colors_info=&#8221;{}&#8221; sticky_transition=&#8221;on&#8221;][\/et_pb_slide][et_pb_slide _builder_version=&#8221;4.27.0&#8243; _module_preset=&#8221;default&#8221; background_enable_color=&#8221;off&#8221; use_background_color_gradient=&#8221;on&#8221; background_color_gradient_stops=&#8221;rgba(71,71,71,0.24) 0%|rgba(71,71,71,0.26) 100%&#8221; background_image=&#8221;https:\/\/focusmediabcn.cat\/en\/wp-content\/uploads\/sites\/5\/2024\/08\/Focus-Media-Barcelona-produccio-audiovisual.jpg&#8221; background_enable_image=&#8221;on&#8221; background_blend=&#8221;overlay&#8221; global_colors_info=&#8221;{}&#8221; sticky_transition=&#8221;on&#8221;][\/et_pb_slide][\/et_pb_slider][\/et_pb_column][et_pb_column type=&#8221;1_3&#8243; _builder_version=&#8221;4.25.2&#8243; _module_preset=&#8221;default&#8221; background_color=&#8221;gcid-b6c4f12c-f25d-4f61-9fb1-6e96404634cd&#8221; custom_padding=&#8221;30px|30px|30px|30px|true|true&#8221; global_colors_info=&#8221;{%22gcid-b6c4f12c-f25d-4f61-9fb1-6e96404634cd%22:%91%22background_color%22%93}&#8221;][et_pb_heading title=&#8221;More info&#8221; _builder_version=&#8221;4.27.0&#8243; _module_preset=&#8221;b62465ba-9ee5-4bc8-b5f9-1976af1ee896&#8243; title_font=&#8221;||||||||&#8221; title_font_size=&#8221;27px&#8221; title_font_size_last_edited=&#8221;off|desktop&#8221; global_colors_info=&#8221;{}&#8221;][\/et_pb_heading][et_pb_blurb title=&#8221;Phone&#8221; use_icon=&#8221;on&#8221; font_icon=&#8221;&#xf10b;||fa||900&#8243; _builder_version=&#8221;4.26.0&#8243; _module_preset=&#8221;bcad0438-e850-4627-8cd0-93732f686069&#8243; header_font=&#8221;||||||||&#8221; body_font=&#8221;||||||||&#8221; locked=&#8221;off&#8221; global_colors_info=&#8221;{}&#8221;]<\/p>\n<p>+34 682 676 678<\/p>\n<p>[\/et_pb_blurb][et_pb_blurb title=&#8221;Email&#8221; use_icon=&#8221;on&#8221; font_icon=&#8221;&#xf658;||fa||900&#8243; _builder_version=&#8221;4.26.0&#8243; _module_preset=&#8221;bcad0438-e850-4627-8cd0-93732f686069&#8243; header_font=&#8221;||||||||&#8221; body_font=&#8221;||||||||&#8221; locked=&#8221;off&#8221; global_colors_info=&#8221;{}&#8221;]<\/p>\n<p><a href=\"mailto:info@focusmediabcn.cat\">info@focusmediabcn.cat<\/a><\/p>\n<p>[\/et_pb_blurb][\/et_pb_column][\/et_pb_row][\/et_pb_section]<\/p>\n","protected":false},"excerpt":{"rendered":"<p>Amb m\u00e9s de 15 anys d\u2019experi\u00e8ncia en el sector de la producci\u00f3 d\u2019audiovisuals i espectacles, ens hem destacat per la nostra capacitat de crear dissenys innovadors, oferir solucions efectives i proporcionar experi\u00e8ncies satisfact\u00f2ries tant per als nostres clients com per al seu p\u00fablic objectiu.Cutting-edge technology and expertise at the service of agencies, production companies, companies [&hellip;]<\/p>\n","protected":false},"author":1,"featured_media":10738,"parent":0,"menu_order":0,"comment_status":"closed","ping_status":"closed","template":"","meta":{"_et_pb_use_builder":"on","_et_pb_old_content":"","_et_gb_content_width":"","footnotes":""},"class_list":["post-13","page","type-page","status-publish","has-post-thumbnail","hentry"],"_links":{"self":[{"href":"https:\/\/focusmediabcn.cat\/en\/wp-json\/wp\/v2\/pages\/13","targetHints":{"allow":["GET"]}}],"collection":[{"href":"https:\/\/focusmediabcn.cat\/en\/wp-json\/wp\/v2\/pages"}],"about":[{"href":"https:\/\/focusmediabcn.cat\/en\/wp-json\/wp\/v2\/types\/page"}],"author":[{"embeddable":true,"href":"https:\/\/focusmediabcn.cat\/en\/wp-json\/wp\/v2\/users\/1"}],"replies":[{"embeddable":true,"href":"https:\/\/focusmediabcn.cat\/en\/wp-json\/wp\/v2\/comments?post=13"}],"version-history":[{"count":0,"href":"https:\/\/focusmediabcn.cat\/en\/wp-json\/wp\/v2\/pages\/13\/revisions"}],"wp:featuredmedia":[{"embeddable":true,"href":"https:\/\/focusmediabcn.cat\/en\/wp-json\/"}],"wp:attachment":[{"href":"https:\/\/focusmediabcn.cat\/en\/wp-json\/wp\/v2\/media?parent=13"}],"curies":[{"name":"wp","href":"https:\/\/api.w.org\/{rel}","templated":true}]}}